{"id":6161,"date":"2022-02-01T11:24:18","date_gmt":"2022-02-01T10:24:18","guid":{"rendered":"https:\/\/www.ckiopodkowa.pl\/?page_id=6161"},"modified":"2022-02-01T12:02:09","modified_gmt":"2022-02-01T11:02:09","slug":"oferta-wynajmu-do-filmow","status":"publish","type":"page","link":"https:\/\/www.ckiopodkowa.pl\/index.php\/oferta-wynajmu-do-filmow\/","title":{"rendered":"Oferta wynajmu dla produkcji filmowych"},"content":{"rendered":"\t\t<div data-elementor-type=\"wp-page\" data-elementor-id=\"6161\" class=\"elementor elementor-6161\" data-elementor-post-type=\"page\">\n\t\t\t\t\t\t<section class=\"elementor-section elementor-top-section elementor-element elementor-element-00c23ef elementor-section-boxed elementor-section-height-default elementor-section-height-default\" data-id=\"00c23ef\" data-element_type=\"section\">\n\t\t\t\t\t\t<div class=\"elementor-container elementor-column-gap-default\">\n\t\t\t\t\t<div class=\"elementor-column elementor-col-100 elementor-top-column elementor-element elementor-element-aed3296\" data-id=\"aed3296\" data-element_type=\"column\">\n\t\t\t<div class=\"elementor-widget-wrap elementor-element-populated\">\n\t\t\t\t\t\t<div class=\"elementor-element elementor-element-53a0792 elementor-widget elementor-widget-text-editor\" data-id=\"53a0792\" data-element_type=\"widget\" data-widget_type=\"text-editor.default\">\n\t\t\t\t<div class=\"elementor-widget-container\">\n\t\t\t\t\t\t\t\t\t<p>OFERTA WYNAJMU POMIESZCZE\u0143 PA\u0141ACYKU KASYNO ORAZ POMIESZCZE\u0143 PRZY UL. \u015aWIERKOWEJ 1 NA CELE PRODUKCJI FILMOWYCH<\/p><p>Oferujemy Pa\u0144stwu do wynajmu na dogodnych, negocjowanych indywidualnie warunkach, 2 obiekty wraz z przyleg\u0142ym terenem cz\u0119\u015bci parku po\u0142o\u017cone w Podkowie Le\u015bnej, pe\u0142nym zieleni mie\u015bcie-ogrodzie, 35 minut jazdy samochodem od centrum Warszawy.<\/p><p>1\/ Pa\u0142acyk Kasyno (z 1928 r.), ul. Lilpopa 18 &#8211; w stylu architektury uzdrowiskowej pocz. XX w.,<br \/>powierzchnia 617,6 m2, 3 kondygnacje, winda, sala tzw. lustrzana z fortepianem o pow. ok. 68 m2 wraz z 2 pomieszczeniami tzw. alkierzy, kt\u00f3re mog\u0105 stanowi\u0107 z ni\u0105 ca\u0142o\u015b\u0107 (2 x20,5 m2) oraz sal\u0105 wystawow\u0105, komputerow\u0105 i 3 pomieszczeniami biurowymi.<br \/>Ponadto w obiekcie znajduj\u0105 si\u0119 2 tarasy &#8211; taras dolny niezadaszony &#8211; 83,45 m2, taras g\u00f3rny zadaszony ze stylowymi elementami drewnianymi &#8211; 43 m2, a tak\u017ce stylowa wie\u017cyczka z widokiem. Obiekt otacza r\u00f3wnie\u017c podlegaj\u0105cy wynajmowi du\u017cy teren le\u015bnego parku i \u0142\u0105ki &#8211; ok. 20 000 m2, nieogrodzony, z jednej strony dochodz\u0105cy do tor\u00f3w kolejki podmiejskiej, z du\u017cym parkingiem.<\/p><p>2\/Budynek tzw. MOKu &#8211; przebudowany popeerelowski pawilon parterowy o powierzchni 668,7 m2<br \/>z przylegaj\u0105c\u0105 2-pi\u0119trow\u0105 tzw. wie\u017c\u0105, w obiekcie m.in. wysoka sala widowiskowa o pow. 223 m2 ze scen\u0105 i ekranem kinowym oraz kilka mniejszych pomieszcze\u0144 (pracownie, ma\u0142a galeria, biura, sala pr\u00f3b muzycznych, stara projektornia kinowa z wyposa\u017ceniem). Do obiektu przylega ogrodzony teren skate parku i si\u0142owni plenerowej oraz parkingu o pow. ca\u0142kowitej 7458 m 2.<span style=\"mso-spacerun: yes;\">\u00a0 <\/span>Mo\u017cliwo\u015b\u0107 parkowania pod budynkiem.<\/p><p>W Pa\u0142acyku Kasyno i w otaczaj\u0105cym parku by\u0142y kr\u0119cone liczne produkcje filmowe, ostatnio w 2020 r. film &#8222;W jak morderstwo&#8221; w re\u017c. Piotra Mularuka, prod. NETFLIX.<\/p><p>Link do zdj\u0119\u0107 obiekt\u00f3w, terenu i pomieszcze\u0144: <a href=\"https:\/\/www.ckiopodkowa.pl\/index.php\/o-nas\/oferta-uslugowa-zdjecia-terenu-obiektow-wnetrz\/\">https:\/\/www.ckiopodkowa.pl\/index.php\/o-nas\/oferta-uslugowa-zdjecia-terenu-obiektow-wnetrz\/<\/a><\/p><p><strong>Kontakt: tel. 22\u00a0729 13 84, 571\u00a0271\u00a0792, info@ckiopodkowa.pl<\/strong><\/p>\t\t\t\t\t\t\t\t<\/div>\n\t\t\t\t<\/div>\n\t\t\t\t\t<\/div>\n\t\t<\/div>\n\t\t\t\t\t<\/div>\n\t\t<\/section>\n\t\t\t\t<\/div>\n\t\t","protected":false},"excerpt":{"rendered":"<p>OFERTA WYNAJMU POMIESZCZE\u0143 PA\u0141ACYKU KASYNO ORAZ POMIESZCZE\u0143 PRZY UL. \u015aWIERKOWEJ 1 NA CELE PRODUKCJI FILMOWYCH Oferujemy Pa\u0144stwu do wynajmu na dogodnych, negocjowanych indywidualnie warunkach, 2 obiekty wraz z przyleg\u0142ym terenem cz\u0119\u015bci parku po\u0142o\u017cone w Podkowie Le\u015bnej, pe\u0142nym zieleni mie\u015bcie-ogrodzie, 35 minut jazdy samochodem od centrum Warszawy. 1\/ Pa\u0142acyk Kasyno (z 1928 r.), ul. Lilpopa 18 [&hellip;]<\/p>\n","protected":false},"author":11,"featured_media":0,"parent":0,"menu_order":0,"comment_status":"closed","ping_status":"closed","template":"","meta":{"ocean_post_layout":"","ocean_both_sidebars_style":"","ocean_both_sidebars_content_width":0,"ocean_both_sidebars_sidebars_width":0,"ocean_sidebar":"0","ocean_second_sidebar":"0","ocean_disable_margins":"enable","ocean_add_body_class":"","ocean_shortcode_before_top_bar":"","ocean_shortcode_after_top_bar":"","ocean_shortcode_before_header":"","ocean_shortcode_after_header":"","ocean_has_shortcode":"","ocean_shortcode_after_title":"","ocean_shortcode_before_footer_widgets":"","ocean_shortcode_after_footer_widgets":"","ocean_shortcode_before_footer_bottom":"","ocean_shortcode_after_footer_bottom":"","ocean_display_top_bar":"default","ocean_display_header":"default","ocean_header_style":"","ocean_center_header_left_menu":"0","ocean_custom_header_template":"0","ocean_custom_logo":0,"ocean_custom_retina_logo":0,"ocean_custom_logo_max_width":0,"ocean_custom_logo_tablet_max_width":0,"ocean_custom_logo_mobile_max_width":0,"ocean_custom_logo_max_height":0,"ocean_custom_logo_tablet_max_height":0,"ocean_custom_logo_mobile_max_height":0,"ocean_header_custom_menu":"0","ocean_menu_typo_font_family":"0","ocean_menu_typo_font_subset":"","ocean_menu_typo_font_size":0,"ocean_menu_typo_font_size_tablet":0,"ocean_menu_typo_font_size_mobile":0,"ocean_menu_typo_font_size_unit":"px","ocean_menu_typo_font_weight":"","ocean_menu_typo_font_weight_tablet":"","ocean_menu_typo_font_weight_mobile":"","ocean_menu_typo_transform":"","ocean_menu_typo_transform_tablet":"","ocean_menu_typo_transform_mobile":"","ocean_menu_typo_line_height":0,"ocean_menu_typo_line_height_tablet":0,"ocean_menu_typo_line_height_mobile":0,"ocean_menu_typo_line_height_unit":"","ocean_menu_typo_spacing":0,"ocean_menu_typo_spacing_tablet":0,"ocean_menu_typo_spacing_mobile":0,"ocean_menu_typo_spacing_unit":"","ocean_menu_link_color":"","ocean_menu_link_color_hover":"","ocean_menu_link_color_active":"","ocean_menu_link_background":"","ocean_menu_link_hover_background":"","ocean_menu_link_active_background":"","ocean_menu_social_links_bg":"","ocean_menu_social_hover_links_bg":"","ocean_menu_social_links_color":"","ocean_menu_social_hover_links_color":"","ocean_disable_title":"default","ocean_disable_heading":"default","ocean_post_title":"","ocean_post_subheading":"","ocean_post_title_style":"","ocean_post_title_background_color":"","ocean_post_title_background":0,"ocean_post_title_bg_image_position":"","ocean_post_title_bg_image_attachment":"","ocean_post_title_bg_image_repeat":"","ocean_post_title_bg_image_size":"","ocean_post_title_height":0,"ocean_post_title_bg_overlay":0.5,"ocean_post_title_bg_overlay_color":"","ocean_disable_breadcrumbs":"default","ocean_breadcrumbs_color":"","ocean_breadcrumbs_separator_color":"","ocean_breadcrumbs_links_color":"","ocean_breadcrumbs_links_hover_color":"","ocean_display_footer_widgets":"default","ocean_display_footer_bottom":"default","ocean_custom_footer_template":"0","footnotes":""},"class_list":["post-6161","page","type-page","status-publish","hentry","entry"],"yoast_head":"<!-- This site is optimized with the Yoast SEO Premium plugin v15.2.1 - https:\/\/yoast.com\/wordpress\/plugins\/seo\/ -->\n<title>Oferta wynajmu dla produkcji filmowych - CKiO Podkowa Le\u015bna<\/title>\n<meta name=\"robots\" content=\"index, follow, max-snippet:-1, max-image-preview:large, max-video-preview:-1\" \/>\n<link rel=\"canonical\" href=\"https:\/\/www.ckiopodkowa.pl\/index.php\/oferta-wynajmu-do-filmow\/\" \/>\n<meta property=\"og:locale\" content=\"pl_PL\" \/>\n<meta property=\"og:type\" content=\"article\" \/>\n<meta property=\"og:title\" content=\"Oferta wynajmu dla produkcji filmowych - CKiO Podkowa Le\u015bna\" \/>\n<meta property=\"og:description\" content=\"OFERTA WYNAJMU POMIESZCZE\u0143 PA\u0141ACYKU KASYNO ORAZ POMIESZCZE\u0143 PRZY UL. \u015aWIERKOWEJ 1 NA CELE PRODUKCJI FILMOWYCH Oferujemy Pa\u0144stwu do wynajmu na dogodnych, negocjowanych indywidualnie warunkach, 2 obiekty wraz z przyleg\u0142ym terenem cz\u0119\u015bci parku po\u0142o\u017cone w Podkowie Le\u015bnej, pe\u0142nym zieleni mie\u015bcie-ogrodzie, 35 minut jazdy samochodem od centrum Warszawy. 1\/ Pa\u0142acyk Kasyno (z 1928 r.), ul. Lilpopa 18 [&hellip;]\" \/>\n<meta property=\"og:url\" content=\"https:\/\/www.ckiopodkowa.pl\/index.php\/oferta-wynajmu-do-filmow\/\" \/>\n<meta property=\"og:site_name\" content=\"CKiO Podkowa Le\u015bna\" \/>\n<meta property=\"article:modified_time\" content=\"2022-02-01T11:02:09+00:00\" \/>\n<meta name=\"twitter:card\" content=\"summary_large_image\" \/>\n<meta name=\"twitter:label1\" content=\"Napisane przez\">\n\t<meta name=\"twitter:data1\" content=\"CKIO\">\n\t<meta name=\"twitter:label2\" content=\"Szacowany czas czytania\">\n\t<meta name=\"twitter:data2\" content=\"1 minuta\">\n<script type=\"application\/ld+json\" class=\"yoast-schema-graph\">{\"@context\":\"https:\/\/schema.org\",\"@graph\":[{\"@type\":\"WebSite\",\"@id\":\"https:\/\/www.ckiopodkowa.pl\/#website\",\"url\":\"https:\/\/www.ckiopodkowa.pl\/\",\"name\":\"CKiO Podkowa Le\\u015bna\",\"description\":\"\",\"potentialAction\":[{\"@type\":\"SearchAction\",\"target\":\"https:\/\/www.ckiopodkowa.pl\/?s={search_term_string}\",\"query-input\":\"required name=search_term_string\"}],\"inLanguage\":\"pl-PL\"},{\"@type\":\"WebPage\",\"@id\":\"https:\/\/www.ckiopodkowa.pl\/index.php\/oferta-wynajmu-do-filmow\/#webpage\",\"url\":\"https:\/\/www.ckiopodkowa.pl\/index.php\/oferta-wynajmu-do-filmow\/\",\"name\":\"Oferta wynajmu dla produkcji filmowych - CKiO Podkowa Le\\u015bna\",\"isPartOf\":{\"@id\":\"https:\/\/www.ckiopodkowa.pl\/#website\"},\"datePublished\":\"2022-02-01T10:24:18+00:00\",\"dateModified\":\"2022-02-01T11:02:09+00:00\",\"breadcrumb\":{\"@id\":\"https:\/\/www.ckiopodkowa.pl\/index.php\/oferta-wynajmu-do-filmow\/#breadcrumb\"},\"inLanguage\":\"pl-PL\",\"potentialAction\":[{\"@type\":\"ReadAction\",\"target\":[\"https:\/\/www.ckiopodkowa.pl\/index.php\/oferta-wynajmu-do-filmow\/\"]}]},{\"@type\":\"BreadcrumbList\",\"@id\":\"https:\/\/www.ckiopodkowa.pl\/index.php\/oferta-wynajmu-do-filmow\/#breadcrumb\",\"itemListElement\":[{\"@type\":\"ListItem\",\"position\":1,\"item\":{\"@type\":\"WebPage\",\"@id\":\"https:\/\/www.ckiopodkowa.pl\/\",\"url\":\"https:\/\/www.ckiopodkowa.pl\/\",\"name\":\"Strona g\\u0142\\u00f3wna\"}},{\"@type\":\"ListItem\",\"position\":2,\"item\":{\"@type\":\"WebPage\",\"@id\":\"https:\/\/www.ckiopodkowa.pl\/index.php\/oferta-wynajmu-do-filmow\/\",\"url\":\"https:\/\/www.ckiopodkowa.pl\/index.php\/oferta-wynajmu-do-filmow\/\",\"name\":\"Oferta wynajmu dla produkcji filmowych\"}}]}]}<\/script>\n<!-- \/ Yoast SEO Premium plugin. -->","_links":{"self":[{"href":"https:\/\/www.ckiopodkowa.pl\/index.php\/wp-json\/wp\/v2\/pages\/6161","targetHints":{"allow":["GET"]}}],"collection":[{"href":"https:\/\/www.ckiopodkowa.pl\/index.php\/wp-json\/wp\/v2\/pages"}],"about":[{"href":"https:\/\/www.ckiopodkowa.pl\/index.php\/wp-json\/wp\/v2\/types\/page"}],"author":[{"embeddable":true,"href":"https:\/\/www.ckiopodkowa.pl\/index.php\/wp-json\/wp\/v2\/users\/11"}],"replies":[{"embeddable":true,"href":"https:\/\/www.ckiopodkowa.pl\/index.php\/wp-json\/wp\/v2\/comments?post=6161"}],"version-history":[{"count":18,"href":"https:\/\/www.ckiopodkowa.pl\/index.php\/wp-json\/wp\/v2\/pages\/6161\/revisions"}],"predecessor-version":[{"id":6183,"href":"https:\/\/www.ckiopodkowa.pl\/index.php\/wp-json\/wp\/v2\/pages\/6161\/revisions\/6183"}],"wp:attachment":[{"href":"https:\/\/www.ckiopodkowa.pl\/index.php\/wp-json\/wp\/v2\/media?parent=6161"}],"curies":[{"name":"wp","href":"https:\/\/api.w.org\/{rel}","templated":true}]}}