{"id":16585,"date":"2025-10-22T12:36:24","date_gmt":"2025-10-22T10:36:24","guid":{"rendered":"https:\/\/www.ckiopodkowa.pl\/?page_id=16585"},"modified":"2025-10-22T12:38:13","modified_gmt":"2025-10-22T10:38:13","slug":"zajecia-muzyczne-zespol-rzepolisci","status":"publish","type":"page","link":"https:\/\/www.ckiopodkowa.pl\/index.php\/zajecia-muzyczne-zespol-rzepolisci\/","title":{"rendered":"ZAJ\u0118CIA MUZYCZNE \u2013 ZESP\u00d3\u0141 RZ\u0118POLI\u015aCI"},"content":{"rendered":"\t\t<div data-elementor-type=\"wp-page\" data-elementor-id=\"16585\" class=\"elementor elementor-16585\" data-elementor-post-type=\"page\">\n\t\t\t\t\t\t<section class=\"elementor-section elementor-top-section elementor-element elementor-element-3245cf1 elementor-section-boxed elementor-section-height-default elementor-section-height-default\" data-id=\"3245cf1\" data-element_type=\"section\">\n\t\t\t\t\t\t<div class=\"elementor-container elementor-column-gap-default\">\n\t\t\t\t\t<div class=\"elementor-column elementor-col-100 elementor-top-column elementor-element elementor-element-7cec550\" data-id=\"7cec550\" data-element_type=\"column\">\n\t\t\t<div class=\"elementor-widget-wrap\">\n\t\t\t\t\t\t\t<\/div>\n\t\t<\/div>\n\t\t\t\t\t<\/div>\n\t\t<\/section>\n\t\t\t\t<section class=\"elementor-section elementor-top-section elementor-element elementor-element-dc66c11 elementor-section-boxed elementor-section-height-default elementor-section-height-default\" data-id=\"dc66c11\" data-element_type=\"section\">\n\t\t\t\t\t\t<div class=\"elementor-container elementor-column-gap-default\">\n\t\t\t\t\t<div class=\"elementor-column elementor-col-100 elementor-top-column elementor-element elementor-element-ca3308d\" data-id=\"ca3308d\" data-element_type=\"column\">\n\t\t\t<div class=\"elementor-widget-wrap elementor-element-populated\">\n\t\t\t\t\t\t<div class=\"elementor-element elementor-element-b3456f5 elementor-widget elementor-widget-text-editor\" data-id=\"b3456f5\" data-element_type=\"widget\" data-widget_type=\"text-editor.default\">\n\t\t\t\t<div class=\"elementor-widget-container\">\n\t\t\t\t\t\t\t\t\t<p dir=\"ltr\" style=\"line-height:1.7999999999999998;margin-left: -11pt;margin-right: -11pt;background-color:#ffffff;margin-top:11pt;margin-bottom:0pt;padding:0pt 0pt 8pt 0pt;\"><span style=\"font-size:11.5pt;font-family:Arial,sans-serif;color:#888888;background-color:#ffffff;font-weight:400;font-style:normal;font-variant:normal;text-decoration:none;vertical-align:baseline;white-space:pre;white-space:pre-wrap;\">Zapraszamy do Dzieci\u0119cego Zesp\u00f3\u0142u Instrumentalno-Wokalnego RZ\u0118POLI\u015aCI z Podkowy Le\u015bnej. Obecnie zesp\u00f3\u0142 liczy czw\u00f3rk\u0119 dzieci, kt\u00f3re z powodzeniem zagra\u0142y kilkana\u015bcie koncert\u00f3w,&nbsp; w tym koncert dla WO\u015aP w Podkowie Le\u015bnej, Brwinowie oraz w Milan\u00f3wku, a tak\u017ce w Pruszkowie, w Nadarzynie, w Grodzisku Mazowieckim, w \u017babiej Woli i okolicach.<\/span><\/p>\n<p dir=\"ltr\" style=\"line-height:1.7999999999999998;margin-left: -11pt;margin-right: -11pt;background-color:#ffffff;margin-top:0pt;margin-bottom:0pt;padding:3pt 0pt 8pt 0pt;\"><span style=\"font-size:11.5pt;font-family:Arial,sans-serif;color:#888888;background-color:#ffffff;font-weight:400;font-style:normal;font-variant:normal;text-decoration:none;vertical-align:baseline;white-space:pre;white-space:pre-wrap;\">W sk\u0142ad tej czw\u00f3rki wchodz\u0105:<\/span><\/p>\n<p dir=\"ltr\" style=\"line-height:1.7999999999999998;margin-left: -11pt;margin-right: -11pt;background-color:#ffffff;margin-top:0pt;margin-bottom:0pt;padding:3pt 0pt 8pt 0pt;\"><span style=\"font-size:11.5pt;font-family:Arial,sans-serif;color:#888888;background-color:#ffffff;font-weight:400;font-style:normal;font-variant:normal;text-decoration:none;vertical-align:baseline;white-space:pre;white-space:pre-wrap;\">Marcela \u2013 ukulele, gitara elektroakustyczna, buzuki greckie elektroakustyczne, wokal,<\/span><\/p>\n<p dir=\"ltr\" style=\"line-height:1.7999999999999998;margin-left: -11pt;margin-right: -11pt;background-color:#ffffff;margin-top:0pt;margin-bottom:0pt;padding:3pt 0pt 8pt 0pt;\"><span style=\"font-size:11.5pt;font-family:Arial,sans-serif;color:#888888;background-color:#ffffff;font-weight:400;font-style:normal;font-variant:normal;text-decoration:none;vertical-align:baseline;white-space:pre;white-space:pre-wrap;\">Maja \u2013 ukulele, gitara elektroakustyczna, wokal,<\/span><\/p>\n<p dir=\"ltr\" style=\"line-height:1.7999999999999998;margin-left: -11pt;margin-right: -11pt;background-color:#ffffff;margin-top:0pt;margin-bottom:0pt;padding:3pt 0pt 8pt 0pt;\"><span style=\"font-size:11.5pt;font-family:Arial,sans-serif;color:#888888;background-color:#ffffff;font-weight:400;font-style:normal;font-variant:normal;text-decoration:none;vertical-align:baseline;white-space:pre;white-space:pre-wrap;\">Ma\u0142gosia \u2013 gitara, ukulele, wokal,<\/span><\/p>\n<p dir=\"ltr\" style=\"line-height:1.7999999999999998;margin-left: -11pt;margin-right: -11pt;background-color:#ffffff;margin-top:0pt;margin-bottom:0pt;padding:3pt 0pt 8pt 0pt;\"><span style=\"font-size:11.5pt;font-family:Arial,sans-serif;color:#888888;background-color:#ffffff;font-weight:400;font-style:normal;font-variant:normal;text-decoration:none;vertical-align:baseline;white-space:pre;white-space:pre-wrap;\">Daria \u2013 flet poprzeczny (II klasa szko\u0142y muzycznej w Grodzisku Maz.)<\/span><\/p>\n<p dir=\"ltr\" style=\"line-height:1.7999999999999998;margin-left: -11pt;margin-right: -11pt;background-color:#ffffff;margin-top:0pt;margin-bottom:0pt;padding:3pt 0pt 8pt 0pt;\"><span style=\"color: rgb(136, 136, 136); font-family: Arial, sans-serif; font-size: 11.5pt; font-style: normal; font-variant-ligatures: normal; font-variant-caps: normal; font-weight: 400; white-space-collapse: preserve;\">Dzieci, kt\u00f3re b\u0119d\u0105 bra\u0142y udzia\u0142 w przedsi\u0119wzi\u0119ciu, powinny by\u0107 g\u0142\u00f3wnie z Podkowy Le\u015bnej i okolic, wiek dzieci od 8 do 19 lat. Zaj\u0119cia odbywaj\u0105 si\u0119 w sk\u0142adzie maksymalnie tr\u00f3jki dzieci&nbsp; w CKiIO w Podkowie Le\u015bnej w godzinach popo\u0142udniowych (16.00-18.00).<\/span><\/p><p dir=\"ltr\" style=\"line-height:1.7999999999999998;margin-left: -11pt;margin-right: -11pt;background-color:#ffffff;margin-top:0pt;margin-bottom:0pt;padding:3pt 0pt 8pt 0pt;\"><span style=\"font-size:11.5pt;font-family:Arial,sans-serif;color:#888888;background-color:#ffffff;font-weight:400;font-style:normal;font-variant:normal;text-decoration:none;vertical-align:baseline;white-space:pre;white-space:pre-wrap;\">Po trzech miesi\u0105cach pracy, dzieci, kt\u00f3re osi\u0105gn\u0105 odpowiedni poziom, zostan\u0105 w\u0142\u0105czone do zespo\u0142u RZ\u0118POLI\u015aCI. Docelow\u0105 liczb\u0105 os\u00f3b w zespole jest trzydzie\u015bcioro dzieci. Mile widziane dzieci ze szk\u00f3\u0142 muzycznych graj\u0105ce na skrzypcach, wiolonczeli, flecie, oboju.<\/span><\/p>\n<p dir=\"ltr\" style=\"line-height:1.7999999999999998;margin-left: -11pt;margin-right: -11pt;background-color:#ffffff;margin-top:0pt;margin-bottom:0pt;padding:3pt 0pt 8pt 0pt;\"><span style=\"font-size:11.5pt;font-family:Arial,sans-serif;color:#888888;background-color:#ffffff;font-weight:400;font-style:normal;font-variant:normal;text-decoration:none;vertical-align:baseline;white-space:pre;white-space:pre-wrap;\">Op\u0142aty za pr\u00f3by i zaj\u0119cia b\u0119dzie wp\u0142acana przez rodzic\u00f3w na konto CKIO w Podkowie Le\u015bnej.<\/span><\/p>\n<p dir=\"ltr\" style=\"line-height:1.7999999999999998;margin-left: -11pt;margin-right: -11pt;background-color:#ffffff;margin-top:0pt;margin-bottom:0pt;padding:3pt 0pt 8pt 0pt;\"><span style=\"font-size:11.5pt;font-family:Arial,sans-serif;color:#888888;background-color:#ffffff;font-weight:400;font-style:normal;font-variant:normal;text-decoration:none;vertical-align:baseline;white-space:pre;white-space:pre-wrap;\">Instruktorzy:<\/span><\/p>\n<p dir=\"ltr\" style=\"line-height:1.7999999999999998;margin-left: -11pt;margin-right: -11pt;background-color:#ffffff;margin-top:0pt;margin-bottom:0pt;padding:3pt 0pt 8pt 0pt;\"><span style=\"font-size:11.5pt;font-family:Arial,sans-serif;color:#888888;background-color:#ffffff;font-weight:400;font-style:normal;font-variant:normal;text-decoration:none;vertical-align:baseline;white-space:pre;white-space:pre-wrap;\">Jacek \u0141ocz (z zespo\u0142u Trapi\u015bci z Podkowy le\u015bnej) \u2013 gitara, bas, ukulele, buzuki greckie,<\/span><\/p>\n<p dir=\"ltr\" style=\"line-height:1.7999999999999998;margin-left: -11pt;margin-right: -11pt;background-color:#ffffff;margin-top:0pt;margin-bottom:0pt;padding:3pt 0pt 8pt 0pt;\"><span style=\"font-size:11.5pt;font-family:Arial,sans-serif;color:#888888;background-color:#ffffff;font-weight:400;font-style:normal;font-variant:normal;text-decoration:none;vertical-align:baseline;white-space:pre;white-space:pre-wrap;\">Piotr Koper (z zespo\u0142u Trapi\u015bci z Podkowy le\u015bnej) \u2013 instrumenty perkusyjne,<\/span><\/p>\n<p dir=\"ltr\" style=\"line-height:1.7999999999999998;margin-left: -11pt;margin-right: -11pt;background-color:#ffffff;margin-top:0pt;margin-bottom:0pt;padding:3pt 0pt 8pt 0pt;\"><span style=\"font-size:11.5pt;font-family:Arial,sans-serif;color:#888888;background-color:#ffffff;font-weight:400;font-style:normal;font-variant:normal;text-decoration:none;vertical-align:baseline;white-space:pre;white-space:pre-wrap;\">Krzysztof \u017burek \u2013 instrumenty klawiszowe,<\/span><\/p>\n<p dir=\"ltr\" style=\"line-height:1.7999999999999998;margin-left: -11pt;margin-right: -11pt;background-color:#ffffff;margin-top:0pt;margin-bottom:0pt;padding:3pt 0pt 8pt 0pt;\"><span style=\"font-size:11.5pt;font-family:Arial,sans-serif;color:#888888;background-color:#ffffff;font-weight:400;font-style:normal;font-variant:normal;text-decoration:none;vertical-align:baseline;white-space:pre;white-space:pre-wrap;\">Iwona Dornarowicz, re\u017cyser TArt Milan\u00f3wek \u2013 ruch sceniczny, praca z mikrofonem, dykcja i interpretacja.<\/span><\/p>\n<p dir=\"ltr\" style=\"line-height:1.7999999999999998;margin-left: -11pt;margin-right: -11pt;background-color:#ffffff;margin-top:0pt;margin-bottom:0pt;padding:3pt 0pt 8pt 0pt;\"><br><\/p>\n<p dir=\"ltr\" style=\"line-height:1.7999999999999998;margin-left: -11pt;margin-right: -11pt;background-color:#ffffff;margin-top:0pt;margin-bottom:0pt;padding:3pt 0pt 8pt 0pt;\"><span style=\"font-size:11.5pt;font-family:Arial,sans-serif;color:#888888;background-color:#ffffff;font-weight:400;font-style:normal;font-variant:normal;text-decoration:none;vertical-align:baseline;white-space:pre;white-space:pre-wrap;\">Jacek \u0141ocz przez wiele lat gra\u0142 w legendarnym zespole \u201eTrapi\u015bci&#8221; z Podkowy Le\u015bnej. Zesp\u00f3\u0142&nbsp; \u201eTrapi\u015bci&#8221; wykonywa\u0142 Msz\u0119 autorstwa Katarzyny Gertner do s\u0142\u00f3w Kazimierza Grze\u015bkowiaka w Ko\u015bciele pw. \u015awi\u0119tego Krzysztofa w Podkowie Le\u015bnej. Po zako\u0144czeniu dzia\u0142alno\u015bci w ww. zespole przez wiele lat Jacek \u0141ocz prowadzi\u0142 zespo\u0142y dzieci\u0119co-m\u0142odzie\u017cowe: \u201ePokoju Znak&#8221;, \u201eInterpretacje&#8221;. R\u00f3wnolegle prowadzi\u0142 zesp\u00f3\u0142 \u201eLataj\u0105cy Dywan&#8221;, a nast\u0119pnie zesp\u00f3\u0142 \u201eBez Zgrzytu&#8221;, w kt\u00f3rym jest liderem, kompozytorem, autorem i wykonawc\u0105 utwor\u00f3w. Wieloletnie do\u015bwiadczenie w prowadzeniu zaj\u0119\u0107 muzycznych w Miejskim O\u015brodku Kultury \u201eKamyk&#8221; w Pruszkowie.<\/span><\/p>\n<p dir=\"ltr\" style=\"line-height:1.7999999999999998;margin-left: -11pt;margin-right: -11pt;background-color:#ffffff;margin-top:0pt;margin-bottom:0pt;padding:3pt 0pt 8pt 0pt;\"><span style=\"font-size:11.5pt;font-family:Arial,sans-serif;color:#888888;background-color:#ffffff;font-weight:400;font-style:normal;font-variant:normal;text-decoration:none;vertical-align:baseline;white-space:pre;white-space:pre-wrap;\">Zesp\u00f3\u0142 uczestniczy w wielu festiwalach muzyki autorskiej na terenie Polski.&nbsp;&nbsp;<\/span><\/p>\n<p class=\"MsoNormal\" style=\"margin-bottom: 0px; color: rgb(34, 34, 34); font-family: Arial, Helvetica, sans-serif; font-size: small; font-style: normal; font-variant-ligatures: normal; font-variant-caps: normal; font-weight: 400;\"><span style=\"font-weight:normal;\" id=\"docs-internal-guid-dd10950a-7fff-c26a-4675-944044211bb4\"><\/span><\/p>\n<p dir=\"ltr\" style=\"line-height:1.7999999999999998;margin-left: -11pt;margin-right: -11pt;background-color:#ffffff;margin-top:0pt;margin-bottom:8pt;padding:3pt 0pt 0pt 0pt;\"><br><\/p>\t\t\t\t\t\t\t\t<\/div>\n\t\t\t\t<\/div>\n\t\t\t\t\t<\/div>\n\t\t<\/div>\n\t\t\t\t\t<\/div>\n\t\t<\/section>\n\t\t\t\t<\/div>\n\t\t","protected":false},"excerpt":{"rendered":"<p>Zapraszamy do Dzieci\u0119cego Zesp\u00f3\u0142u Instrumentalno-Wokalnego RZ\u0118POLI\u015aCI z Podkowy Le\u015bnej. Obecnie zesp\u00f3\u0142 liczy czw\u00f3rk\u0119 dzieci, kt\u00f3re z powodzeniem zagra\u0142y kilkana\u015bcie koncert\u00f3w,&nbsp; w tym koncert dla WO\u015aP w Podkowie Le\u015bnej, Brwinowie oraz w Milan\u00f3wku, a tak\u017ce w Pruszkowie, w Nadarzynie, w Grodzisku Mazowieckim, w \u017babiej Woli i okolicach. W sk\u0142ad tej czw\u00f3rki wchodz\u0105: Marcela \u2013 ukulele, gitara [&hellip;]<\/p>\n","protected":false},"author":15,"featured_media":0,"parent":0,"menu_order":0,"comment_status":"closed","ping_status":"closed","template":"","meta":{"ocean_post_layout":"","ocean_both_sidebars_style":"","ocean_both_sidebars_content_width":0,"ocean_both_sidebars_sidebars_width":0,"ocean_sidebar":"","ocean_second_sidebar":"","ocean_disable_margins":"enable","ocean_add_body_class":"","ocean_shortcode_before_top_bar":"","ocean_shortcode_after_top_bar":"","ocean_shortcode_before_header":"","ocean_shortcode_after_header":"","ocean_has_shortcode":"","ocean_shortcode_after_title":"","ocean_shortcode_before_footer_widgets":"","ocean_shortcode_after_footer_widgets":"","ocean_shortcode_before_footer_bottom":"","ocean_shortcode_after_footer_bottom":"","ocean_display_top_bar":"default","ocean_display_header":"default","ocean_header_style":"","ocean_center_header_left_menu":"","ocean_custom_header_template":"","ocean_custom_logo":0,"ocean_custom_retina_logo":0,"ocean_custom_logo_max_width":0,"ocean_custom_logo_tablet_max_width":0,"ocean_custom_logo_mobile_max_width":0,"ocean_custom_logo_max_height":0,"ocean_custom_logo_tablet_max_height":0,"ocean_custom_logo_mobile_max_height":0,"ocean_header_custom_menu":"","ocean_menu_typo_font_family":"","ocean_menu_typo_font_subset":"","ocean_menu_typo_font_size":0,"ocean_menu_typo_font_size_tablet":0,"ocean_menu_typo_font_size_mobile":0,"ocean_menu_typo_font_size_unit":"px","ocean_menu_typo_font_weight":"","ocean_menu_typo_font_weight_tablet":"","ocean_menu_typo_font_weight_mobile":"","ocean_menu_typo_transform":"","ocean_menu_typo_transform_tablet":"","ocean_menu_typo_transform_mobile":"","ocean_menu_typo_line_height":0,"ocean_menu_typo_line_height_tablet":0,"ocean_menu_typo_line_height_mobile":0,"ocean_menu_typo_line_height_unit":"","ocean_menu_typo_spacing":0,"ocean_menu_typo_spacing_tablet":0,"ocean_menu_typo_spacing_mobile":0,"ocean_menu_typo_spacing_unit":"","ocean_menu_link_color":"","ocean_menu_link_color_hover":"","ocean_menu_link_color_active":"","ocean_menu_link_background":"","ocean_menu_link_hover_background":"","ocean_menu_link_active_background":"","ocean_menu_social_links_bg":"","ocean_menu_social_hover_links_bg":"","ocean_menu_social_links_color":"","ocean_menu_social_hover_links_color":"","ocean_disable_title":"default","ocean_disable_heading":"default","ocean_post_title":"","ocean_post_subheading":"","ocean_post_title_style":"","ocean_post_title_background_color":"","ocean_post_title_background":0,"ocean_post_title_bg_image_position":"","ocean_post_title_bg_image_attachment":"","ocean_post_title_bg_image_repeat":"","ocean_post_title_bg_image_size":"","ocean_post_title_height":0,"ocean_post_title_bg_overlay":0.5,"ocean_post_title_bg_overlay_color":"","ocean_disable_breadcrumbs":"default","ocean_breadcrumbs_color":"","ocean_breadcrumbs_separator_color":"","ocean_breadcrumbs_links_color":"","ocean_breadcrumbs_links_hover_color":"","ocean_display_footer_widgets":"default","ocean_display_footer_bottom":"default","ocean_custom_footer_template":"","footnotes":""},"class_list":["post-16585","page","type-page","status-publish","hentry","entry"],"yoast_head":"<!-- This site is optimized with the Yoast SEO Premium plugin v15.2.1 - https:\/\/yoast.com\/wordpress\/plugins\/seo\/ -->\n<title>ZAJ\u0118CIA MUZYCZNE \u2013 ZESP\u00d3\u0141 RZ\u0118POLI\u015aCI - CKiO Podkowa Le\u015bna<\/title>\n<meta name=\"robots\" content=\"index, follow, max-snippet:-1, max-image-preview:large, max-video-preview:-1\" \/>\n<link rel=\"canonical\" href=\"https:\/\/www.ckiopodkowa.pl\/index.php\/zajecia-muzyczne-zespol-rzepolisci\/\" \/>\n<meta property=\"og:locale\" content=\"pl_PL\" \/>\n<meta property=\"og:type\" content=\"article\" \/>\n<meta property=\"og:title\" content=\"ZAJ\u0118CIA MUZYCZNE \u2013 ZESP\u00d3\u0141 RZ\u0118POLI\u015aCI - CKiO Podkowa Le\u015bna\" \/>\n<meta property=\"og:description\" content=\"Zapraszamy do Dzieci\u0119cego Zesp\u00f3\u0142u Instrumentalno-Wokalnego RZ\u0118POLI\u015aCI z Podkowy Le\u015bnej. Obecnie zesp\u00f3\u0142 liczy czw\u00f3rk\u0119 dzieci, kt\u00f3re z powodzeniem zagra\u0142y kilkana\u015bcie koncert\u00f3w,&nbsp; w tym koncert dla WO\u015aP w Podkowie Le\u015bnej, Brwinowie oraz w Milan\u00f3wku, a tak\u017ce w Pruszkowie, w Nadarzynie, w Grodzisku Mazowieckim, w \u017babiej Woli i okolicach. W sk\u0142ad tej czw\u00f3rki wchodz\u0105: Marcela \u2013 ukulele, gitara [&hellip;]\" \/>\n<meta property=\"og:url\" content=\"https:\/\/www.ckiopodkowa.pl\/index.php\/zajecia-muzyczne-zespol-rzepolisci\/\" \/>\n<meta property=\"og:site_name\" content=\"CKiO Podkowa Le\u015bna\" \/>\n<meta property=\"article:modified_time\" content=\"2025-10-22T10:38:13+00:00\" \/>\n<meta name=\"twitter:card\" content=\"summary_large_image\" \/>\n<meta name=\"twitter:label1\" content=\"Napisane przez\">\n\t<meta name=\"twitter:data1\" content=\"Klara Kopci\u0144ska\">\n\t<meta name=\"twitter:label2\" content=\"Szacowany czas czytania\">\n\t<meta name=\"twitter:data2\" content=\"2 minuty\">\n<script type=\"application\/ld+json\" class=\"yoast-schema-graph\">{\"@context\":\"https:\/\/schema.org\",\"@graph\":[{\"@type\":\"WebSite\",\"@id\":\"https:\/\/www.ckiopodkowa.pl\/#website\",\"url\":\"https:\/\/www.ckiopodkowa.pl\/\",\"name\":\"CKiO Podkowa Le\\u015bna\",\"description\":\"\",\"potentialAction\":[{\"@type\":\"SearchAction\",\"target\":\"https:\/\/www.ckiopodkowa.pl\/?s={search_term_string}\",\"query-input\":\"required name=search_term_string\"}],\"inLanguage\":\"pl-PL\"},{\"@type\":\"WebPage\",\"@id\":\"https:\/\/www.ckiopodkowa.pl\/index.php\/zajecia-muzyczne-zespol-rzepolisci\/#webpage\",\"url\":\"https:\/\/www.ckiopodkowa.pl\/index.php\/zajecia-muzyczne-zespol-rzepolisci\/\",\"name\":\"ZAJ\\u0118CIA MUZYCZNE \\u2013 ZESP\\u00d3\\u0141 RZ\\u0118POLI\\u015aCI - CKiO Podkowa Le\\u015bna\",\"isPartOf\":{\"@id\":\"https:\/\/www.ckiopodkowa.pl\/#website\"},\"datePublished\":\"2025-10-22T10:36:24+00:00\",\"dateModified\":\"2025-10-22T10:38:13+00:00\",\"breadcrumb\":{\"@id\":\"https:\/\/www.ckiopodkowa.pl\/index.php\/zajecia-muzyczne-zespol-rzepolisci\/#breadcrumb\"},\"inLanguage\":\"pl-PL\",\"potentialAction\":[{\"@type\":\"ReadAction\",\"target\":[\"https:\/\/www.ckiopodkowa.pl\/index.php\/zajecia-muzyczne-zespol-rzepolisci\/\"]}]},{\"@type\":\"BreadcrumbList\",\"@id\":\"https:\/\/www.ckiopodkowa.pl\/index.php\/zajecia-muzyczne-zespol-rzepolisci\/#breadcrumb\",\"itemListElement\":[{\"@type\":\"ListItem\",\"position\":1,\"item\":{\"@type\":\"WebPage\",\"@id\":\"https:\/\/www.ckiopodkowa.pl\/\",\"url\":\"https:\/\/www.ckiopodkowa.pl\/\",\"name\":\"Strona g\\u0142\\u00f3wna\"}},{\"@type\":\"ListItem\",\"position\":2,\"item\":{\"@type\":\"WebPage\",\"@id\":\"https:\/\/www.ckiopodkowa.pl\/index.php\/zajecia-muzyczne-zespol-rzepolisci\/\",\"url\":\"https:\/\/www.ckiopodkowa.pl\/index.php\/zajecia-muzyczne-zespol-rzepolisci\/\",\"name\":\"ZAJ\\u0118CIA MUZYCZNE \\u2013 ZESP\\u00d3\\u0141 RZ\\u0118POLI\\u015aCI\"}}]}]}<\/script>\n<!-- \/ Yoast SEO Premium plugin. -->","_links":{"self":[{"href":"https:\/\/www.ckiopodkowa.pl\/index.php\/wp-json\/wp\/v2\/pages\/16585","targetHints":{"allow":["GET"]}}],"collection":[{"href":"https:\/\/www.ckiopodkowa.pl\/index.php\/wp-json\/wp\/v2\/pages"}],"about":[{"href":"https:\/\/www.ckiopodkowa.pl\/index.php\/wp-json\/wp\/v2\/types\/page"}],"author":[{"embeddable":true,"href":"https:\/\/www.ckiopodkowa.pl\/index.php\/wp-json\/wp\/v2\/users\/15"}],"replies":[{"embeddable":true,"href":"https:\/\/www.ckiopodkowa.pl\/index.php\/wp-json\/wp\/v2\/comments?post=16585"}],"version-history":[{"count":4,"href":"https:\/\/www.ckiopodkowa.pl\/index.php\/wp-json\/wp\/v2\/pages\/16585\/revisions"}],"predecessor-version":[{"id":16592,"href":"https:\/\/www.ckiopodkowa.pl\/index.php\/wp-json\/wp\/v2\/pages\/16585\/revisions\/16592"}],"wp:attachment":[{"href":"https:\/\/www.ckiopodkowa.pl\/index.php\/wp-json\/wp\/v2\/media?parent=16585"}],"curies":[{"name":"wp","href":"https:\/\/api.w.org\/{rel}","templated":true}]}}