{"id":16520,"date":"2025-10-21T12:38:22","date_gmt":"2025-10-21T10:38:22","guid":{"rendered":"https:\/\/www.ckiopodkowa.pl\/?page_id=16520"},"modified":"2025-10-21T12:40:10","modified_gmt":"2025-10-21T10:40:10","slug":"ogrody-zmyslow-arteterapia","status":"publish","type":"page","link":"https:\/\/www.ckiopodkowa.pl\/index.php\/ogrody-zmyslow-arteterapia\/","title":{"rendered":"OGRODY ZMYS\u0141\u00d3W \u2013 ARTETERAPIA"},"content":{"rendered":"\t\t<div data-elementor-type=\"wp-page\" data-elementor-id=\"16520\" class=\"elementor elementor-16520\" data-elementor-post-type=\"page\">\n\t\t\t\t\t\t<section class=\"elementor-section elementor-top-section elementor-element elementor-element-037f226 elementor-section-boxed elementor-section-height-default elementor-section-height-default\" data-id=\"037f226\" data-element_type=\"section\">\n\t\t\t\t\t\t<div class=\"elementor-container elementor-column-gap-default\">\n\t\t\t\t\t<div class=\"elementor-column elementor-col-100 elementor-top-column elementor-element elementor-element-1773dae\" data-id=\"1773dae\" data-element_type=\"column\">\n\t\t\t<div class=\"elementor-widget-wrap elementor-element-populated\">\n\t\t\t\t\t\t<div class=\"elementor-element elementor-element-afae12b elementor-widget elementor-widget-image\" data-id=\"afae12b\" data-element_type=\"widget\" data-widget_type=\"image.default\">\n\t\t\t\t<div class=\"elementor-widget-container\">\n\t\t\t\t\t\t\t\t\t\t\t\t\t\t\t<img fetchpriority=\"high\" decoding=\"async\" width=\"600\" height=\"338\" src=\"https:\/\/www.ckiopodkowa.pl\/wp-content\/uploads\/2025\/10\/Ogrody-Zmyslow-wydarzenie-FB-5-600x338.png\" class=\"attachment-medium size-medium wp-image-16522\" alt=\"\" srcset=\"https:\/\/www.ckiopodkowa.pl\/wp-content\/uploads\/2025\/10\/Ogrody-Zmyslow-wydarzenie-FB-5-600x338.png 600w, https:\/\/www.ckiopodkowa.pl\/wp-content\/uploads\/2025\/10\/Ogrody-Zmyslow-wydarzenie-FB-5-1024x576.png 1024w, https:\/\/www.ckiopodkowa.pl\/wp-content\/uploads\/2025\/10\/Ogrody-Zmyslow-wydarzenie-FB-5-768x432.png 768w, https:\/\/www.ckiopodkowa.pl\/wp-content\/uploads\/2025\/10\/Ogrody-Zmyslow-wydarzenie-FB-5-1536x864.png 1536w, https:\/\/www.ckiopodkowa.pl\/wp-content\/uploads\/2025\/10\/Ogrody-Zmyslow-wydarzenie-FB-5-800x450.png 800w, https:\/\/www.ckiopodkowa.pl\/wp-content\/uploads\/2025\/10\/Ogrody-Zmyslow-wydarzenie-FB-5.png 1920w\" sizes=\"(max-width: 600px) 100vw, 600px\" \/>\t\t\t\t\t\t\t\t\t\t\t\t\t\t\t<\/div>\n\t\t\t\t<\/div>\n\t\t\t\t\t<\/div>\n\t\t<\/div>\n\t\t\t\t\t<\/div>\n\t\t<\/section>\n\t\t\t\t<section class=\"elementor-section elementor-top-section elementor-element elementor-element-beae6b7 elementor-section-boxed elementor-section-height-default elementor-section-height-default\" data-id=\"beae6b7\" data-element_type=\"section\">\n\t\t\t\t\t\t<div class=\"elementor-container elementor-column-gap-default\">\n\t\t\t\t\t<div class=\"elementor-column elementor-col-100 elementor-top-column elementor-element elementor-element-23794d4\" data-id=\"23794d4\" data-element_type=\"column\">\n\t\t\t<div class=\"elementor-widget-wrap elementor-element-populated\">\n\t\t\t\t\t\t<div class=\"elementor-element elementor-element-ce52a02 elementor-widget elementor-widget-text-editor\" data-id=\"ce52a02\" data-element_type=\"widget\" data-widget_type=\"text-editor.default\">\n\t\t\t\t<div class=\"elementor-widget-container\">\n\t\t\t\t\t\t\t\t\t<p>\u00a0<\/p><p><span style=\"font-weight: 400;\">Zapraszamy Ci\u0119 na jedyny taki cykl autorskich arteterapeutycznych spotka\u0144 opartych o prac\u0119 ze zmys\u0142ami. Dzi\u0119ki nim odkryjesz na nowo, jak do\u015bwiadczasz \u015bwiata poprzez zmys\u0142y i jak Twoje cia\u0142o oraz umys\u0142 na to reaguj\u0105.\u00a0<\/span><span style=\"font-size: 15px; font-weight: 400;\">Wejd\u017a i odkryj, co jest w g\u0142\u0119bi: ogrodu barw i kszta\u0142t\u00f3w, ogrodu faktur, ogrodu d\u017awi\u0119k\u00f3w oraz\u00a0<\/span><span style=\"font-size: 15px; font-weight: 400;\">ogrodu aromat\u00f3w i smak\u00f3w.<\/span><\/p><p><span style=\"font-weight: 400;\">Korzystaj\u0105c z technik arteterapeutycznych tj. improwizacja ruchowa, malowanie i rysowanie intuicyjne, pisanie narracyjne, intencjonalne s\u0142uchanie muzyki, tworzenie z gliny polimerowej, zanurz si\u0119 w \u015bwiecie, gdzie wa\u017cna jeste\u015b tylko Ty i Twoje zmys\u0142y.<\/span><\/p><p>\u00a0<\/p><p><span style=\"font-weight: 400;\">Kompleksowy kurs zawiera cztery czterogodzinne warsztaty, kt\u00f3re odb\u0119d\u0105 si\u0119 w Pa\u0142acyku Kasyno (Podkowa Le\u015bna ul. Stanis\u0142awa Lilpopa 18, pi\u0119tro I). Spotkania te tak jak ka\u017cda z nas, maj\u0105 sw\u00f3j rytm, odbywaj\u0105 si\u0119 w soboty i niedziele w godzinach 10:00-14:00.<\/span><\/p><p>\u00a0<\/p><p><span style=\"font-weight: 400;\">8 i 9 listopada oraz 6 i 7 grudnia to idealna szansa, \u017ceby zacz\u0105\u0107 bardziej \u015bwiadomie do\u015bwiadcza\u0107 \u017cycia.<\/span><\/p><p><span style=\"font-weight: 400;\">Jeden czterogodzinny warsztat to inwestycja 250 z\u0142otych.<\/span><\/p><p><span style=\"font-weight: 400;\">Zg\u0142oszenia przyjmujemy pod numerem telefonu: 600 035 368.<\/span><\/p><p><span style=\"font-weight: 400;\">Zapraszamy!<\/span><\/p><p><span style=\"font-weight: 400;\">Karolina i Ilona<\/span><\/p><p>\u00a0<\/p><p><strong>Karolina Jatczak<\/strong><\/p><p><span style=\"font-size: 15px; font-weight: 400;\">Uko\u0144czy\u0142am studia psychologiczne oraz podyplomowe z arteterapii i mam do\u015bwiadczenie w pracy z osobami uzale\u017cnionymi. W swojej pracy \u0142\u0105cz\u0119 wiedz\u0119 psychologiczn\u0105 z tw\u00f3rczym podej\u015bciem do wspierania rozwoju i zdrowia psychicznego. Prywatnie jestem mi\u0142o\u015bniczk\u0105 natury, dobrej kawy i wspinaczki.<\/span><\/p><p>\u00a0<\/p><p><strong>Ilona Zy\u015bk<\/strong><\/p><p><span style=\"font-weight: 400;\">Arteterapeutka i nauczycielka Vedic Art \u2013 dzi\u015b z dum\u0105 mog\u0119 tak o sobie powiedzie\u0107.\u00a0<\/span><span style=\"font-size: 15px; font-weight: 400;\">Jestem pracowniczk\u0105 samorz\u0105dowa z kilkunastoletnim sta\u017cem. Specjalizuj\u0119 si\u0119 w organizacji r\u00f3\u017cnorodnych wydarze\u0144, wdra\u017caniu i realizacji projekt\u00f3w edukacyjnych, szczeg\u00f3lnie dla m\u0142odzie\u017cy. Uko\u0144czy\u0142am studia na kierunku \u201eEkonomia pracy i zarz\u0105dzanie zasobami ludzkimi\u201d oraz studia podyplomowe na kierunku: \u201eMediacje i negocjacje\u201d, \u201eMarketing Internetowy\u201d i \u201eArteterapia\u201d. W wolnych chwilach: czytam ksi\u0105\u017cki, maluj\u0119 lub spaceruj\u0119 po lesie. Najbardziej interesuje mnie cz\u0142owiek i jego indywidualna historia, kt\u00f3r\u0105 opowiada \u015bwiatu.<\/span><\/p>\t\t\t\t\t\t\t\t<\/div>\n\t\t\t\t<\/div>\n\t\t\t\t\t<\/div>\n\t\t<\/div>\n\t\t\t\t\t<\/div>\n\t\t<\/section>\n\t\t\t\t<\/div>\n\t\t","protected":false},"excerpt":{"rendered":"<p>\u00a0 Zapraszamy Ci\u0119 na jedyny taki cykl autorskich arteterapeutycznych spotka\u0144 opartych o prac\u0119 ze zmys\u0142ami. Dzi\u0119ki nim odkryjesz na nowo, jak do\u015bwiadczasz \u015bwiata poprzez zmys\u0142y i jak Twoje cia\u0142o oraz umys\u0142 na to reaguj\u0105.\u00a0Wejd\u017a i odkryj, co jest w g\u0142\u0119bi: ogrodu barw i kszta\u0142t\u00f3w, ogrodu faktur, ogrodu d\u017awi\u0119k\u00f3w oraz\u00a0ogrodu aromat\u00f3w i smak\u00f3w. Korzystaj\u0105c z technik [&hellip;]<\/p>\n","protected":false},"author":15,"featured_media":0,"parent":0,"menu_order":0,"comment_status":"closed","ping_status":"closed","template":"","meta":{"ocean_post_layout":"","ocean_both_sidebars_style":"","ocean_both_sidebars_content_width":0,"ocean_both_sidebars_sidebars_width":0,"ocean_sidebar":"","ocean_second_sidebar":"","ocean_disable_margins":"enable","ocean_add_body_class":"","ocean_shortcode_before_top_bar":"","ocean_shortcode_after_top_bar":"","ocean_shortcode_before_header":"","ocean_shortcode_after_header":"","ocean_has_shortcode":"","ocean_shortcode_after_title":"","ocean_shortcode_before_footer_widgets":"","ocean_shortcode_after_footer_widgets":"","ocean_shortcode_before_footer_bottom":"","ocean_shortcode_after_footer_bottom":"","ocean_display_top_bar":"default","ocean_display_header":"default","ocean_header_style":"","ocean_center_header_left_menu":"","ocean_custom_header_template":"","ocean_custom_logo":0,"ocean_custom_retina_logo":0,"ocean_custom_logo_max_width":0,"ocean_custom_logo_tablet_max_width":0,"ocean_custom_logo_mobile_max_width":0,"ocean_custom_logo_max_height":0,"ocean_custom_logo_tablet_max_height":0,"ocean_custom_logo_mobile_max_height":0,"ocean_header_custom_menu":"","ocean_menu_typo_font_family":"","ocean_menu_typo_font_subset":"","ocean_menu_typo_font_size":0,"ocean_menu_typo_font_size_tablet":0,"ocean_menu_typo_font_size_mobile":0,"ocean_menu_typo_font_size_unit":"px","ocean_menu_typo_font_weight":"","ocean_menu_typo_font_weight_tablet":"","ocean_menu_typo_font_weight_mobile":"","ocean_menu_typo_transform":"","ocean_menu_typo_transform_tablet":"","ocean_menu_typo_transform_mobile":"","ocean_menu_typo_line_height":0,"ocean_menu_typo_line_height_tablet":0,"ocean_menu_typo_line_height_mobile":0,"ocean_menu_typo_line_height_unit":"","ocean_menu_typo_spacing":0,"ocean_menu_typo_spacing_tablet":0,"ocean_menu_typo_spacing_mobile":0,"ocean_menu_typo_spacing_unit":"","ocean_menu_link_color":"","ocean_menu_link_color_hover":"","ocean_menu_link_color_active":"","ocean_menu_link_background":"","ocean_menu_link_hover_background":"","ocean_menu_link_active_background":"","ocean_menu_social_links_bg":"","ocean_menu_social_hover_links_bg":"","ocean_menu_social_links_color":"","ocean_menu_social_hover_links_color":"","ocean_disable_title":"default","ocean_disable_heading":"default","ocean_post_title":"","ocean_post_subheading":"","ocean_post_title_style":"","ocean_post_title_background_color":"","ocean_post_title_background":0,"ocean_post_title_bg_image_position":"","ocean_post_title_bg_image_attachment":"","ocean_post_title_bg_image_repeat":"","ocean_post_title_bg_image_size":"","ocean_post_title_height":0,"ocean_post_title_bg_overlay":0.5,"ocean_post_title_bg_overlay_color":"","ocean_disable_breadcrumbs":"default","ocean_breadcrumbs_color":"","ocean_breadcrumbs_separator_color":"","ocean_breadcrumbs_links_color":"","ocean_breadcrumbs_links_hover_color":"","ocean_display_footer_widgets":"default","ocean_display_footer_bottom":"default","ocean_custom_footer_template":"","footnotes":""},"class_list":["post-16520","page","type-page","status-publish","hentry","entry"],"yoast_head":"<!-- This site is optimized with the Yoast SEO Premium plugin v15.2.1 - https:\/\/yoast.com\/wordpress\/plugins\/seo\/ -->\n<title>OGRODY ZMYS\u0141\u00d3W \u2013 ARTETERAPIA - CKiO Podkowa Le\u015bna<\/title>\n<meta name=\"robots\" content=\"index, follow, max-snippet:-1, max-image-preview:large, max-video-preview:-1\" \/>\n<link rel=\"canonical\" href=\"https:\/\/www.ckiopodkowa.pl\/index.php\/ogrody-zmyslow-arteterapia\/\" \/>\n<meta property=\"og:locale\" content=\"pl_PL\" \/>\n<meta property=\"og:type\" content=\"article\" \/>\n<meta property=\"og:title\" content=\"OGRODY ZMYS\u0141\u00d3W \u2013 ARTETERAPIA - CKiO Podkowa Le\u015bna\" \/>\n<meta property=\"og:description\" content=\"\u00a0 Zapraszamy Ci\u0119 na jedyny taki cykl autorskich arteterapeutycznych spotka\u0144 opartych o prac\u0119 ze zmys\u0142ami. Dzi\u0119ki nim odkryjesz na nowo, jak do\u015bwiadczasz \u015bwiata poprzez zmys\u0142y i jak Twoje cia\u0142o oraz umys\u0142 na to reaguj\u0105.\u00a0Wejd\u017a i odkryj, co jest w g\u0142\u0119bi: ogrodu barw i kszta\u0142t\u00f3w, ogrodu faktur, ogrodu d\u017awi\u0119k\u00f3w oraz\u00a0ogrodu aromat\u00f3w i smak\u00f3w. Korzystaj\u0105c z technik [&hellip;]\" \/>\n<meta property=\"og:url\" content=\"https:\/\/www.ckiopodkowa.pl\/index.php\/ogrody-zmyslow-arteterapia\/\" \/>\n<meta property=\"og:site_name\" content=\"CKiO Podkowa Le\u015bna\" \/>\n<meta property=\"article:modified_time\" content=\"2025-10-21T10:40:10+00:00\" \/>\n<meta property=\"og:image\" content=\"https:\/\/www.ckiopodkowa.pl\/wp-content\/uploads\/2025\/10\/Ogrody-Zmyslow-wydarzenie-FB-5-600x338.png\" \/>\n<meta name=\"twitter:card\" content=\"summary_large_image\" \/>\n<meta name=\"twitter:label1\" content=\"Napisane przez\">\n\t<meta name=\"twitter:data1\" content=\"Klara Kopci\u0144ska\">\n\t<meta name=\"twitter:label2\" content=\"Szacowany czas czytania\">\n\t<meta name=\"twitter:data2\" content=\"1 minuta\">\n<script type=\"application\/ld+json\" class=\"yoast-schema-graph\">{\"@context\":\"https:\/\/schema.org\",\"@graph\":[{\"@type\":\"WebSite\",\"@id\":\"https:\/\/www.ckiopodkowa.pl\/#website\",\"url\":\"https:\/\/www.ckiopodkowa.pl\/\",\"name\":\"CKiO Podkowa Le\\u015bna\",\"description\":\"\",\"potentialAction\":[{\"@type\":\"SearchAction\",\"target\":\"https:\/\/www.ckiopodkowa.pl\/?s={search_term_string}\",\"query-input\":\"required name=search_term_string\"}],\"inLanguage\":\"pl-PL\"},{\"@type\":\"ImageObject\",\"@id\":\"https:\/\/www.ckiopodkowa.pl\/index.php\/ogrody-zmyslow-arteterapia\/#primaryimage\",\"inLanguage\":\"pl-PL\",\"url\":\"https:\/\/www.ckiopodkowa.pl\/wp-content\/uploads\/2025\/10\/Ogrody-Zmyslow-wydarzenie-FB-5.png\",\"width\":1920,\"height\":1080},{\"@type\":\"WebPage\",\"@id\":\"https:\/\/www.ckiopodkowa.pl\/index.php\/ogrody-zmyslow-arteterapia\/#webpage\",\"url\":\"https:\/\/www.ckiopodkowa.pl\/index.php\/ogrody-zmyslow-arteterapia\/\",\"name\":\"OGRODY ZMYS\\u0141\\u00d3W \\u2013 ARTETERAPIA - CKiO Podkowa Le\\u015bna\",\"isPartOf\":{\"@id\":\"https:\/\/www.ckiopodkowa.pl\/#website\"},\"primaryImageOfPage\":{\"@id\":\"https:\/\/www.ckiopodkowa.pl\/index.php\/ogrody-zmyslow-arteterapia\/#primaryimage\"},\"datePublished\":\"2025-10-21T10:38:22+00:00\",\"dateModified\":\"2025-10-21T10:40:10+00:00\",\"breadcrumb\":{\"@id\":\"https:\/\/www.ckiopodkowa.pl\/index.php\/ogrody-zmyslow-arteterapia\/#breadcrumb\"},\"inLanguage\":\"pl-PL\",\"potentialAction\":[{\"@type\":\"ReadAction\",\"target\":[\"https:\/\/www.ckiopodkowa.pl\/index.php\/ogrody-zmyslow-arteterapia\/\"]}]},{\"@type\":\"BreadcrumbList\",\"@id\":\"https:\/\/www.ckiopodkowa.pl\/index.php\/ogrody-zmyslow-arteterapia\/#breadcrumb\",\"itemListElement\":[{\"@type\":\"ListItem\",\"position\":1,\"item\":{\"@type\":\"WebPage\",\"@id\":\"https:\/\/www.ckiopodkowa.pl\/\",\"url\":\"https:\/\/www.ckiopodkowa.pl\/\",\"name\":\"Strona g\\u0142\\u00f3wna\"}},{\"@type\":\"ListItem\",\"position\":2,\"item\":{\"@type\":\"WebPage\",\"@id\":\"https:\/\/www.ckiopodkowa.pl\/index.php\/ogrody-zmyslow-arteterapia\/\",\"url\":\"https:\/\/www.ckiopodkowa.pl\/index.php\/ogrody-zmyslow-arteterapia\/\",\"name\":\"OGRODY ZMYS\\u0141\\u00d3W \\u2013 ARTETERAPIA\"}}]}]}<\/script>\n<!-- \/ Yoast SEO Premium plugin. -->","_links":{"self":[{"href":"https:\/\/www.ckiopodkowa.pl\/index.php\/wp-json\/wp\/v2\/pages\/16520","targetHints":{"allow":["GET"]}}],"collection":[{"href":"https:\/\/www.ckiopodkowa.pl\/index.php\/wp-json\/wp\/v2\/pages"}],"about":[{"href":"https:\/\/www.ckiopodkowa.pl\/index.php\/wp-json\/wp\/v2\/types\/page"}],"author":[{"embeddable":true,"href":"https:\/\/www.ckiopodkowa.pl\/index.php\/wp-json\/wp\/v2\/users\/15"}],"replies":[{"embeddable":true,"href":"https:\/\/www.ckiopodkowa.pl\/index.php\/wp-json\/wp\/v2\/comments?post=16520"}],"version-history":[{"count":4,"href":"https:\/\/www.ckiopodkowa.pl\/index.php\/wp-json\/wp\/v2\/pages\/16520\/revisions"}],"predecessor-version":[{"id":16525,"href":"https:\/\/www.ckiopodkowa.pl\/index.php\/wp-json\/wp\/v2\/pages\/16520\/revisions\/16525"}],"wp:attachment":[{"href":"https:\/\/www.ckiopodkowa.pl\/index.php\/wp-json\/wp\/v2\/media?parent=16520"}],"curies":[{"name":"wp","href":"https:\/\/api.w.org\/{rel}","templated":true}]}}