{"id":16353,"date":"2025-10-13T17:56:01","date_gmt":"2025-10-13T15:56:01","guid":{"rendered":"https:\/\/www.ckiopodkowa.pl\/?page_id=16353"},"modified":"2025-10-21T15:12:15","modified_gmt":"2025-10-21T13:12:15","slug":"malarstwo-japonskie","status":"publish","type":"page","link":"https:\/\/www.ckiopodkowa.pl\/index.php\/malarstwo-japonskie\/","title":{"rendered":"MALARSTWO JAPO\u0143SKIE"},"content":{"rendered":"\t\t<div data-elementor-type=\"wp-page\" data-elementor-id=\"16353\" class=\"elementor elementor-16353\" data-elementor-post-type=\"page\">\n\t\t\t\t\t\t<section class=\"elementor-section elementor-top-section elementor-element elementor-element-0c38201 elementor-section-boxed elementor-section-height-default elementor-section-height-default\" data-id=\"0c38201\" data-element_type=\"section\">\n\t\t\t\t\t\t<div class=\"elementor-container elementor-column-gap-default\">\n\t\t\t\t\t<div class=\"elementor-column elementor-col-100 elementor-top-column elementor-element elementor-element-9b22cd3\" data-id=\"9b22cd3\" data-element_type=\"column\">\n\t\t\t<div class=\"elementor-widget-wrap elementor-element-populated\">\n\t\t\t\t\t\t<div class=\"elementor-element elementor-element-3468e07 elementor-widget elementor-widget-image\" data-id=\"3468e07\" data-element_type=\"widget\" data-widget_type=\"image.default\">\n\t\t\t\t<div class=\"elementor-widget-container\">\n\t\t\t\t\t\t\t\t\t\t\t\t\t\t\t<img fetchpriority=\"high\" decoding=\"async\" width=\"600\" height=\"400\" src=\"https:\/\/www.ckiopodkowa.pl\/wp-content\/uploads\/2025\/10\/7875723-1024x683-1-600x400.jpg\" class=\"attachment-medium size-medium wp-image-16320\" alt=\"\" srcset=\"https:\/\/www.ckiopodkowa.pl\/wp-content\/uploads\/2025\/10\/7875723-1024x683-1-600x400.jpg 600w, https:\/\/www.ckiopodkowa.pl\/wp-content\/uploads\/2025\/10\/7875723-1024x683-1-768x512.jpg 768w, https:\/\/www.ckiopodkowa.pl\/wp-content\/uploads\/2025\/10\/7875723-1024x683-1.jpg 1024w\" sizes=\"(max-width: 600px) 100vw, 600px\" \/>\t\t\t\t\t\t\t\t\t\t\t\t\t\t\t<\/div>\n\t\t\t\t<\/div>\n\t\t\t\t\t<\/div>\n\t\t<\/div>\n\t\t\t\t\t<\/div>\n\t\t<\/section>\n\t\t\t\t<section class=\"elementor-section elementor-top-section elementor-element elementor-element-ad7c6cc elementor-section-boxed elementor-section-height-default elementor-section-height-default\" data-id=\"ad7c6cc\" data-element_type=\"section\">\n\t\t\t\t\t\t<div class=\"elementor-container elementor-column-gap-default\">\n\t\t\t\t\t<div class=\"elementor-column elementor-col-100 elementor-top-column elementor-element elementor-element-bda2325\" data-id=\"bda2325\" data-element_type=\"column\">\n\t\t\t<div class=\"elementor-widget-wrap elementor-element-populated\">\n\t\t\t\t\t\t<div class=\"elementor-element elementor-element-b8123be elementor-widget elementor-widget-text-editor\" data-id=\"b8123be\" data-element_type=\"widget\" data-widget_type=\"text-editor.default\">\n\t\t\t\t<div class=\"elementor-widget-container\">\n\t\t\t\t\t\t\t\t\t<h4>Malarstwo japo\u0144skie<\/h4><p><span style=\"font-weight: 400;\">Nazywam si\u0119 Margot Tohkou <\/span><span style=\"font-weight: 400;\">\u6771<\/span> <span style=\"font-weight: 400;\">\u8679<\/span><span style=\"font-weight: 400;\"> Olejniczak. Jestem szwajcarsko-polsk\u0105 artystk\u0105 i nauczycielk\u0105 japo\u0144skiego malarstwa tuszowego w Szwajcarii, Polsce i Niemczech. Japo\u0144skie imi\u0119 Tohkou <\/span><span style=\"font-weight: 400;\">\u6771<\/span> <span style=\"font-weight: 400;\">\u8679<\/span><span style=\"font-weight: 400;\"> otrzyma\u0142am w 2021 od mojego mistrza Tohuna Kobayashiego.<\/span><\/p><p><span style=\"font-weight: 400;\">W swojej sztuce u\u017cywam tradycyjnych technik, kt\u00f3re przez setki lat by\u0142y przekazywane od mistrza do mistrza i nigdy nie zosta\u0142y w pe\u0142ni opisane w ksi\u0105\u017ckach. Piel\u0119gnowanie tych bezcennych technik jest dla mnie bardzo wa\u017cne.<\/span><\/p><p><span style=\"font-weight: 400;\">\u0141\u0105cz\u0105c ten tradycyjny styl z nowoczesnym podej\u015bciem i wykorzystuj\u0105c wsp\u00f3\u0142cze\u015bnie dost\u0119pne narz\u0119dzia, osi\u0105gam niepowtarzalne efekty. Moje poszukiwania artystyczne dotycz\u0105 r\u00f3wnie\u017c tworzenia nowej koncepcji malarstwa sumi-e poprzez wprowadzenie wsp\u00f3\u0142czesnych \u015brodk\u00f3w wyrazu. Przede wszystkim jednak czysty duch i uwa\u017cno\u015b\u0107 kszta\u0142tuj\u0105 m\u00f3j artystyczn\u0105 wizj\u0119 \u015bwiata.<\/span><\/p><p><span style=\"font-weight: 400;\">Dzi\u0119ki licznym podr\u00f3\u017com do Japonii odkry\u0142am sztuk\u0119 i filozofi\u0119 malarstwa tuszem.<\/span><\/p><p><span style=\"font-weight: 400;\">Od 2001 roku ucz\u0119 si\u0119 tej sztuki w Tokio w klasach znanych mistrz\u00f3w, a od 2012 roku nieustannie doskonal\u0119 swoje umiej\u0119tno\u015bci w klasie Mistrza Tohuna Kobayashiego. W 2014 roku otrzyma\u0142am dyplom nauczycielki sumi-e przyznany przez The Sumie Friendship Association w Japonii.<\/span><\/p><p><span style=\"font-weight: 400;\">Prowadz\u0119 regularne kursy malarstwa japo\u0144skiego w Zurychu w moim Atelier Margot, w Muzeum Krakowa, w Warszawie oraz w Ek\u014d-Haus w D\u00fcsseldorfie i w Benediktushof w Niemczech. Ponadto prowadz\u0119 kursy specjalne w Kurszentrum Ballenberg w Szwajcarii, jak r\u00f3wnie\u017c liczne kursy w innych miejscach Europy.<\/span><\/p><p>Termin: sobota, godz. 12.00 &#8211; 18:00 i niedziela, godz. 11:00-17:00 (z przerw\u0105 na obiad)<br title=\"\" data-original-title=\"\" \/>Daty w sezonie 2025\/2026: 22-23 listopada | 7-8 lutego | 25-26 kwietnia | 20-21 czerwca<\/p><p>Miejsce: CKiIO Podkowa Le\u015bna, ul. \u015awierkowa 1<\/p><p>Instruktorka \/ Organizatorka: Margot Toh-kou (\u6771 \u8679) Olejniczak<\/p><p>Kontakt: <a href=\"http:\/\/www.m-olejniczak.ch\/\">www.m-olejniczak.ch<\/a><\/p><p>Kontakt tel. +41 78 907 36 88<\/p>\t\t\t\t\t\t\t\t<\/div>\n\t\t\t\t<\/div>\n\t\t\t\t\t<\/div>\n\t\t<\/div>\n\t\t\t\t\t<\/div>\n\t\t<\/section>\n\t\t\t\t<\/div>\n\t\t","protected":false},"excerpt":{"rendered":"<p>Malarstwo japo\u0144skie Nazywam si\u0119 Margot Tohkou \u6771 \u8679 Olejniczak. Jestem szwajcarsko-polsk\u0105 artystk\u0105 i nauczycielk\u0105 japo\u0144skiego malarstwa tuszowego w Szwajcarii, Polsce i Niemczech. Japo\u0144skie imi\u0119 Tohkou \u6771 \u8679 otrzyma\u0142am w 2021 od mojego mistrza Tohuna Kobayashiego. W swojej sztuce u\u017cywam tradycyjnych technik, kt\u00f3re przez setki lat by\u0142y przekazywane od mistrza do mistrza i nigdy nie zosta\u0142y [&hellip;]<\/p>\n","protected":false},"author":15,"featured_media":0,"parent":0,"menu_order":0,"comment_status":"closed","ping_status":"closed","template":"","meta":{"ocean_post_layout":"","ocean_both_sidebars_style":"","ocean_both_sidebars_content_width":0,"ocean_both_sidebars_sidebars_width":0,"ocean_sidebar":"","ocean_second_sidebar":"","ocean_disable_margins":"enable","ocean_add_body_class":"","ocean_shortcode_before_top_bar":"","ocean_shortcode_after_top_bar":"","ocean_shortcode_before_header":"","ocean_shortcode_after_header":"","ocean_has_shortcode":"","ocean_shortcode_after_title":"","ocean_shortcode_before_footer_widgets":"","ocean_shortcode_after_footer_widgets":"","ocean_shortcode_before_footer_bottom":"","ocean_shortcode_after_footer_bottom":"","ocean_display_top_bar":"default","ocean_display_header":"default","ocean_header_style":"","ocean_center_header_left_menu":"","ocean_custom_header_template":"","ocean_custom_logo":0,"ocean_custom_retina_logo":0,"ocean_custom_logo_max_width":0,"ocean_custom_logo_tablet_max_width":0,"ocean_custom_logo_mobile_max_width":0,"ocean_custom_logo_max_height":0,"ocean_custom_logo_tablet_max_height":0,"ocean_custom_logo_mobile_max_height":0,"ocean_header_custom_menu":"","ocean_menu_typo_font_family":"","ocean_menu_typo_font_subset":"","ocean_menu_typo_font_size":0,"ocean_menu_typo_font_size_tablet":0,"ocean_menu_typo_font_size_mobile":0,"ocean_menu_typo_font_size_unit":"px","ocean_menu_typo_font_weight":"","ocean_menu_typo_font_weight_tablet":"","ocean_menu_typo_font_weight_mobile":"","ocean_menu_typo_transform":"","ocean_menu_typo_transform_tablet":"","ocean_menu_typo_transform_mobile":"","ocean_menu_typo_line_height":0,"ocean_menu_typo_line_height_tablet":0,"ocean_menu_typo_line_height_mobile":0,"ocean_menu_typo_line_height_unit":"","ocean_menu_typo_spacing":0,"ocean_menu_typo_spacing_tablet":0,"ocean_menu_typo_spacing_mobile":0,"ocean_menu_typo_spacing_unit":"","ocean_menu_link_color":"","ocean_menu_link_color_hover":"","ocean_menu_link_color_active":"","ocean_menu_link_background":"","ocean_menu_link_hover_background":"","ocean_menu_link_active_background":"","ocean_menu_social_links_bg":"","ocean_menu_social_hover_links_bg":"","ocean_menu_social_links_color":"","ocean_menu_social_hover_links_color":"","ocean_disable_title":"default","ocean_disable_heading":"default","ocean_post_title":"","ocean_post_subheading":"","ocean_post_title_style":"","ocean_post_title_background_color":"","ocean_post_title_background":0,"ocean_post_title_bg_image_position":"","ocean_post_title_bg_image_attachment":"","ocean_post_title_bg_image_repeat":"","ocean_post_title_bg_image_size":"","ocean_post_title_height":0,"ocean_post_title_bg_overlay":0.5,"ocean_post_title_bg_overlay_color":"","ocean_disable_breadcrumbs":"default","ocean_breadcrumbs_color":"","ocean_breadcrumbs_separator_color":"","ocean_breadcrumbs_links_color":"","ocean_breadcrumbs_links_hover_color":"","ocean_display_footer_widgets":"default","ocean_display_footer_bottom":"default","ocean_custom_footer_template":"","footnotes":""},"class_list":["post-16353","page","type-page","status-publish","hentry","entry"],"yoast_head":"<!-- This site is optimized with the Yoast SEO Premium plugin v15.2.1 - https:\/\/yoast.com\/wordpress\/plugins\/seo\/ -->\n<title>MALARSTWO JAPO\u0143SKIE - CKiO Podkowa Le\u015bna<\/title>\n<meta name=\"robots\" content=\"index, follow, max-snippet:-1, max-image-preview:large, max-video-preview:-1\" \/>\n<link rel=\"canonical\" href=\"https:\/\/www.ckiopodkowa.pl\/index.php\/malarstwo-japonskie\/\" \/>\n<meta property=\"og:locale\" content=\"pl_PL\" \/>\n<meta property=\"og:type\" content=\"article\" \/>\n<meta property=\"og:title\" content=\"MALARSTWO JAPO\u0143SKIE - CKiO Podkowa Le\u015bna\" \/>\n<meta property=\"og:description\" content=\"Malarstwo japo\u0144skie Nazywam si\u0119 Margot Tohkou \u6771 \u8679 Olejniczak. Jestem szwajcarsko-polsk\u0105 artystk\u0105 i nauczycielk\u0105 japo\u0144skiego malarstwa tuszowego w Szwajcarii, Polsce i Niemczech. Japo\u0144skie imi\u0119 Tohkou \u6771 \u8679 otrzyma\u0142am w 2021 od mojego mistrza Tohuna Kobayashiego. W swojej sztuce u\u017cywam tradycyjnych technik, kt\u00f3re przez setki lat by\u0142y przekazywane od mistrza do mistrza i nigdy nie zosta\u0142y [&hellip;]\" \/>\n<meta property=\"og:url\" content=\"https:\/\/www.ckiopodkowa.pl\/index.php\/malarstwo-japonskie\/\" \/>\n<meta property=\"og:site_name\" content=\"CKiO Podkowa Le\u015bna\" \/>\n<meta property=\"article:modified_time\" content=\"2025-10-21T13:12:15+00:00\" \/>\n<meta property=\"og:image\" content=\"https:\/\/www.ckiopodkowa.pl\/wp-content\/uploads\/2025\/10\/7875723-1024x683-1-600x400.jpg\" \/>\n<meta name=\"twitter:card\" content=\"summary_large_image\" \/>\n<meta name=\"twitter:label1\" content=\"Napisane przez\">\n\t<meta name=\"twitter:data1\" content=\"Klara Kopci\u0144ska\">\n\t<meta name=\"twitter:label2\" content=\"Szacowany czas czytania\">\n\t<meta name=\"twitter:data2\" content=\"1 minuta\">\n<script type=\"application\/ld+json\" class=\"yoast-schema-graph\">{\"@context\":\"https:\/\/schema.org\",\"@graph\":[{\"@type\":\"WebSite\",\"@id\":\"https:\/\/www.ckiopodkowa.pl\/#website\",\"url\":\"https:\/\/www.ckiopodkowa.pl\/\",\"name\":\"CKiO Podkowa Le\\u015bna\",\"description\":\"\",\"potentialAction\":[{\"@type\":\"SearchAction\",\"target\":\"https:\/\/www.ckiopodkowa.pl\/?s={search_term_string}\",\"query-input\":\"required name=search_term_string\"}],\"inLanguage\":\"pl-PL\"},{\"@type\":\"ImageObject\",\"@id\":\"https:\/\/www.ckiopodkowa.pl\/index.php\/malarstwo-japonskie\/#primaryimage\",\"inLanguage\":\"pl-PL\",\"url\":\"https:\/\/www.ckiopodkowa.pl\/wp-content\/uploads\/2025\/10\/7875723-1024x683-1.jpg\",\"width\":1024,\"height\":683},{\"@type\":\"WebPage\",\"@id\":\"https:\/\/www.ckiopodkowa.pl\/index.php\/malarstwo-japonskie\/#webpage\",\"url\":\"https:\/\/www.ckiopodkowa.pl\/index.php\/malarstwo-japonskie\/\",\"name\":\"MALARSTWO JAPO\\u0143SKIE - CKiO Podkowa Le\\u015bna\",\"isPartOf\":{\"@id\":\"https:\/\/www.ckiopodkowa.pl\/#website\"},\"primaryImageOfPage\":{\"@id\":\"https:\/\/www.ckiopodkowa.pl\/index.php\/malarstwo-japonskie\/#primaryimage\"},\"datePublished\":\"2025-10-13T15:56:01+00:00\",\"dateModified\":\"2025-10-21T13:12:15+00:00\",\"breadcrumb\":{\"@id\":\"https:\/\/www.ckiopodkowa.pl\/index.php\/malarstwo-japonskie\/#breadcrumb\"},\"inLanguage\":\"pl-PL\",\"potentialAction\":[{\"@type\":\"ReadAction\",\"target\":[\"https:\/\/www.ckiopodkowa.pl\/index.php\/malarstwo-japonskie\/\"]}]},{\"@type\":\"BreadcrumbList\",\"@id\":\"https:\/\/www.ckiopodkowa.pl\/index.php\/malarstwo-japonskie\/#breadcrumb\",\"itemListElement\":[{\"@type\":\"ListItem\",\"position\":1,\"item\":{\"@type\":\"WebPage\",\"@id\":\"https:\/\/www.ckiopodkowa.pl\/\",\"url\":\"https:\/\/www.ckiopodkowa.pl\/\",\"name\":\"Strona g\\u0142\\u00f3wna\"}},{\"@type\":\"ListItem\",\"position\":2,\"item\":{\"@type\":\"WebPage\",\"@id\":\"https:\/\/www.ckiopodkowa.pl\/index.php\/malarstwo-japonskie\/\",\"url\":\"https:\/\/www.ckiopodkowa.pl\/index.php\/malarstwo-japonskie\/\",\"name\":\"MALARSTWO JAPO\\u0143SKIE\"}}]}]}<\/script>\n<!-- \/ Yoast SEO Premium plugin. -->","_links":{"self":[{"href":"https:\/\/www.ckiopodkowa.pl\/index.php\/wp-json\/wp\/v2\/pages\/16353","targetHints":{"allow":["GET"]}}],"collection":[{"href":"https:\/\/www.ckiopodkowa.pl\/index.php\/wp-json\/wp\/v2\/pages"}],"about":[{"href":"https:\/\/www.ckiopodkowa.pl\/index.php\/wp-json\/wp\/v2\/types\/page"}],"author":[{"embeddable":true,"href":"https:\/\/www.ckiopodkowa.pl\/index.php\/wp-json\/wp\/v2\/users\/15"}],"replies":[{"embeddable":true,"href":"https:\/\/www.ckiopodkowa.pl\/index.php\/wp-json\/wp\/v2\/comments?post=16353"}],"version-history":[{"count":14,"href":"https:\/\/www.ckiopodkowa.pl\/index.php\/wp-json\/wp\/v2\/pages\/16353\/revisions"}],"predecessor-version":[{"id":16549,"href":"https:\/\/www.ckiopodkowa.pl\/index.php\/wp-json\/wp\/v2\/pages\/16353\/revisions\/16549"}],"wp:attachment":[{"href":"https:\/\/www.ckiopodkowa.pl\/index.php\/wp-json\/wp\/v2\/media?parent=16353"}],"curies":[{"name":"wp","href":"https:\/\/api.w.org\/{rel}","templated":true}]}}