{"id":16307,"date":"2025-10-13T17:39:50","date_gmt":"2025-10-13T15:39:50","guid":{"rendered":"https:\/\/www.ckiopodkowa.pl\/?page_id=16307"},"modified":"2025-10-21T12:26:47","modified_gmt":"2025-10-21T10:26:47","slug":"joga-wedlug-tradycji-b-k-s-iyengara","status":"publish","type":"page","link":"https:\/\/www.ckiopodkowa.pl\/index.php\/joga-wedlug-tradycji-b-k-s-iyengara\/","title":{"rendered":"JOGA WED\u0141UG TRADYCJI B.K.S IYENGARA"},"content":{"rendered":"\t\t<div data-elementor-type=\"wp-page\" data-elementor-id=\"16307\" class=\"elementor elementor-16307\" data-elementor-post-type=\"page\">\n\t\t\t\t\t\t<section class=\"elementor-section elementor-top-section elementor-element elementor-element-0049657 elementor-section-boxed elementor-section-height-default elementor-section-height-default\" data-id=\"0049657\" data-element_type=\"section\">\n\t\t\t\t\t\t<div class=\"elementor-container elementor-column-gap-default\">\n\t\t\t\t\t<div class=\"elementor-column elementor-col-100 elementor-top-column elementor-element elementor-element-d7961ed\" data-id=\"d7961ed\" data-element_type=\"column\">\n\t\t\t<div class=\"elementor-widget-wrap elementor-element-populated\">\n\t\t\t\t\t\t<div class=\"elementor-element elementor-element-3787423 elementor-widget elementor-widget-image\" data-id=\"3787423\" data-element_type=\"widget\" data-widget_type=\"image.default\">\n\t\t\t\t<div class=\"elementor-widget-container\">\n\t\t\t\t\t\t\t\t\t\t\t\t\t\t\t<img fetchpriority=\"high\" decoding=\"async\" width=\"600\" height=\"449\" src=\"https:\/\/www.ckiopodkowa.pl\/wp-content\/uploads\/2025\/10\/studio_jogi2-1024x767-1-600x449.jpg\" class=\"attachment-medium size-medium wp-image-16308\" alt=\"\" srcset=\"https:\/\/www.ckiopodkowa.pl\/wp-content\/uploads\/2025\/10\/studio_jogi2-1024x767-1-600x449.jpg 600w, https:\/\/www.ckiopodkowa.pl\/wp-content\/uploads\/2025\/10\/studio_jogi2-1024x767-1-768x575.jpg 768w, https:\/\/www.ckiopodkowa.pl\/wp-content\/uploads\/2025\/10\/studio_jogi2-1024x767-1.jpg 1024w\" sizes=\"(max-width: 600px) 100vw, 600px\" \/>\t\t\t\t\t\t\t\t\t\t\t\t\t\t\t<\/div>\n\t\t\t\t<\/div>\n\t\t\t\t<div class=\"elementor-element elementor-element-9984c4e elementor-widget elementor-widget-text-editor\" data-id=\"9984c4e\" data-element_type=\"widget\" data-widget_type=\"text-editor.default\">\n\t\t\t\t<div class=\"elementor-widget-container\">\n\t\t\t\t\t\t\t\t\t<p><strong>Joga wed\u0142ug tradycji B.K.S Iyengara<\/strong><\/p><p>Termin: pi\u0105tek i niedziela, godzina 9.00 \u2013 10.30<\/p><p>Miejsce: CKiIO, ul. \u015awierkowa 1<\/p><p>Prowadzi: <br \/>Anna Kalicy \u2013 dyplomowana nauczycielka jogi wed\u0142ug metody B.K.S Iyengara\u00a0<\/p><p>Organizator: Studio Joga Anny Kalicy<\/p><p>Zapraszam osoby ju\u017c \u0107wicz\u0105ce oraz pragn\u0105ce rozpocz\u0105\u0107 praktyk\u0119 jogi.<\/p><p>Wi\u0119cej informacji: <strong>\u00a0<\/strong><a href=\"http:\/\/www.studio-joga.pl\"><strong>www.studio-joga.pl<\/strong><\/a><\/p><p>Kontakt:\u00a0 <strong>609\u00a0775\u00a0579<\/strong>,\u00a0 <strong>ania@studio-joga.pl <\/strong><\/p>\t\t\t\t\t\t\t\t<\/div>\n\t\t\t\t<\/div>\n\t\t\t\t<section class=\"elementor-section elementor-inner-section elementor-element elementor-element-e5ca04e elementor-section-boxed elementor-section-height-default elementor-section-height-default\" data-id=\"e5ca04e\" data-element_type=\"section\">\n\t\t\t\t\t\t<div class=\"elementor-container elementor-column-gap-default\">\n\t\t\t\t\t<div class=\"elementor-column elementor-col-50 elementor-inner-column elementor-element elementor-element-86d04f1\" data-id=\"86d04f1\" data-element_type=\"column\">\n\t\t\t<div class=\"elementor-widget-wrap\">\n\t\t\t\t\t\t\t<\/div>\n\t\t<\/div>\n\t\t\t\t<div class=\"elementor-column elementor-col-50 elementor-inner-column elementor-element elementor-element-75eaba6\" data-id=\"75eaba6\" data-element_type=\"column\">\n\t\t\t<div class=\"elementor-widget-wrap\">\n\t\t\t\t\t\t\t<\/div>\n\t\t<\/div>\n\t\t\t\t\t<\/div>\n\t\t<\/section>\n\t\t\t\t\t<\/div>\n\t\t<\/div>\n\t\t\t\t\t<\/div>\n\t\t<\/section>\n\t\t\t\t<\/div>\n\t\t","protected":false},"excerpt":{"rendered":"<p>Joga wed\u0142ug tradycji B.K.S Iyengara Termin: pi\u0105tek i niedziela, godzina 9.00 \u2013 10.30 Miejsce: CKiIO, ul. \u015awierkowa 1 Prowadzi: Anna Kalicy \u2013 dyplomowana nauczycielka jogi wed\u0142ug metody B.K.S Iyengara\u00a0 Organizator: Studio Joga Anny Kalicy Zapraszam osoby ju\u017c \u0107wicz\u0105ce oraz pragn\u0105ce rozpocz\u0105\u0107 praktyk\u0119 jogi. Wi\u0119cej informacji: \u00a0www.studio-joga.pl Kontakt:\u00a0 609\u00a0775\u00a0579,\u00a0 ania@studio-joga.pl<\/p>\n","protected":false},"author":15,"featured_media":0,"parent":0,"menu_order":0,"comment_status":"closed","ping_status":"closed","template":"","meta":{"ocean_post_layout":"","ocean_both_sidebars_style":"","ocean_both_sidebars_content_width":0,"ocean_both_sidebars_sidebars_width":0,"ocean_sidebar":"","ocean_second_sidebar":"","ocean_disable_margins":"enable","ocean_add_body_class":"","ocean_shortcode_before_top_bar":"","ocean_shortcode_after_top_bar":"","ocean_shortcode_before_header":"","ocean_shortcode_after_header":"","ocean_has_shortcode":"","ocean_shortcode_after_title":"","ocean_shortcode_before_footer_widgets":"","ocean_shortcode_after_footer_widgets":"","ocean_shortcode_before_footer_bottom":"","ocean_shortcode_after_footer_bottom":"","ocean_display_top_bar":"default","ocean_display_header":"default","ocean_header_style":"","ocean_center_header_left_menu":"","ocean_custom_header_template":"","ocean_custom_logo":0,"ocean_custom_retina_logo":0,"ocean_custom_logo_max_width":0,"ocean_custom_logo_tablet_max_width":0,"ocean_custom_logo_mobile_max_width":0,"ocean_custom_logo_max_height":0,"ocean_custom_logo_tablet_max_height":0,"ocean_custom_logo_mobile_max_height":0,"ocean_header_custom_menu":"","ocean_menu_typo_font_family":"","ocean_menu_typo_font_subset":"","ocean_menu_typo_font_size":0,"ocean_menu_typo_font_size_tablet":0,"ocean_menu_typo_font_size_mobile":0,"ocean_menu_typo_font_size_unit":"px","ocean_menu_typo_font_weight":"","ocean_menu_typo_font_weight_tablet":"","ocean_menu_typo_font_weight_mobile":"","ocean_menu_typo_transform":"","ocean_menu_typo_transform_tablet":"","ocean_menu_typo_transform_mobile":"","ocean_menu_typo_line_height":0,"ocean_menu_typo_line_height_tablet":0,"ocean_menu_typo_line_height_mobile":0,"ocean_menu_typo_line_height_unit":"","ocean_menu_typo_spacing":0,"ocean_menu_typo_spacing_tablet":0,"ocean_menu_typo_spacing_mobile":0,"ocean_menu_typo_spacing_unit":"","ocean_menu_link_color":"","ocean_menu_link_color_hover":"","ocean_menu_link_color_active":"","ocean_menu_link_background":"","ocean_menu_link_hover_background":"","ocean_menu_link_active_background":"","ocean_menu_social_links_bg":"","ocean_menu_social_hover_links_bg":"","ocean_menu_social_links_color":"","ocean_menu_social_hover_links_color":"","ocean_disable_title":"default","ocean_disable_heading":"default","ocean_post_title":"","ocean_post_subheading":"","ocean_post_title_style":"","ocean_post_title_background_color":"","ocean_post_title_background":0,"ocean_post_title_bg_image_position":"","ocean_post_title_bg_image_attachment":"","ocean_post_title_bg_image_repeat":"","ocean_post_title_bg_image_size":"","ocean_post_title_height":0,"ocean_post_title_bg_overlay":0.5,"ocean_post_title_bg_overlay_color":"","ocean_disable_breadcrumbs":"default","ocean_breadcrumbs_color":"","ocean_breadcrumbs_separator_color":"","ocean_breadcrumbs_links_color":"","ocean_breadcrumbs_links_hover_color":"","ocean_display_footer_widgets":"default","ocean_display_footer_bottom":"default","ocean_custom_footer_template":"","footnotes":""},"class_list":["post-16307","page","type-page","status-publish","hentry","entry"],"yoast_head":"<!-- This site is optimized with the Yoast SEO Premium plugin v15.2.1 - https:\/\/yoast.com\/wordpress\/plugins\/seo\/ -->\n<title>JOGA WED\u0141UG TRADYCJI B.K.S IYENGARA - CKiO Podkowa Le\u015bna<\/title>\n<meta name=\"robots\" content=\"index, follow, max-snippet:-1, max-image-preview:large, max-video-preview:-1\" \/>\n<link rel=\"canonical\" href=\"https:\/\/www.ckiopodkowa.pl\/index.php\/joga-wedlug-tradycji-b-k-s-iyengara\/\" \/>\n<meta property=\"og:locale\" content=\"pl_PL\" \/>\n<meta property=\"og:type\" content=\"article\" \/>\n<meta property=\"og:title\" content=\"JOGA WED\u0141UG TRADYCJI B.K.S IYENGARA - CKiO Podkowa Le\u015bna\" \/>\n<meta property=\"og:description\" content=\"Joga wed\u0142ug tradycji B.K.S Iyengara Termin: pi\u0105tek i niedziela, godzina 9.00 \u2013 10.30 Miejsce: CKiIO, ul. \u015awierkowa 1 Prowadzi: Anna Kalicy \u2013 dyplomowana nauczycielka jogi wed\u0142ug metody B.K.S Iyengara\u00a0 Organizator: Studio Joga Anny Kalicy Zapraszam osoby ju\u017c \u0107wicz\u0105ce oraz pragn\u0105ce rozpocz\u0105\u0107 praktyk\u0119 jogi. Wi\u0119cej informacji: \u00a0www.studio-joga.pl Kontakt:\u00a0 609\u00a0775\u00a0579,\u00a0 ania@studio-joga.pl\" \/>\n<meta property=\"og:url\" content=\"https:\/\/www.ckiopodkowa.pl\/index.php\/joga-wedlug-tradycji-b-k-s-iyengara\/\" \/>\n<meta property=\"og:site_name\" content=\"CKiO Podkowa Le\u015bna\" \/>\n<meta property=\"article:modified_time\" content=\"2025-10-21T10:26:47+00:00\" \/>\n<meta property=\"og:image\" content=\"https:\/\/www.ckiopodkowa.pl\/wp-content\/uploads\/2025\/10\/studio_jogi2-1024x767-1-600x449.jpg\" \/>\n<meta name=\"twitter:card\" content=\"summary_large_image\" \/>\n<meta name=\"twitter:label1\" content=\"Napisane przez\">\n\t<meta name=\"twitter:data1\" content=\"Klara Kopci\u0144ska\">\n\t<meta name=\"twitter:label2\" content=\"Szacowany czas czytania\">\n\t<meta name=\"twitter:data2\" content=\"0 minut\">\n<script type=\"application\/ld+json\" class=\"yoast-schema-graph\">{\"@context\":\"https:\/\/schema.org\",\"@graph\":[{\"@type\":\"WebSite\",\"@id\":\"https:\/\/www.ckiopodkowa.pl\/#website\",\"url\":\"https:\/\/www.ckiopodkowa.pl\/\",\"name\":\"CKiO Podkowa Le\\u015bna\",\"description\":\"\",\"potentialAction\":[{\"@type\":\"SearchAction\",\"target\":\"https:\/\/www.ckiopodkowa.pl\/?s={search_term_string}\",\"query-input\":\"required name=search_term_string\"}],\"inLanguage\":\"pl-PL\"},{\"@type\":\"ImageObject\",\"@id\":\"https:\/\/www.ckiopodkowa.pl\/index.php\/joga-wedlug-tradycji-b-k-s-iyengara\/#primaryimage\",\"inLanguage\":\"pl-PL\",\"url\":\"https:\/\/www.ckiopodkowa.pl\/wp-content\/uploads\/2025\/10\/studio_jogi2-1024x767-1.jpg\",\"width\":1024,\"height\":767},{\"@type\":\"WebPage\",\"@id\":\"https:\/\/www.ckiopodkowa.pl\/index.php\/joga-wedlug-tradycji-b-k-s-iyengara\/#webpage\",\"url\":\"https:\/\/www.ckiopodkowa.pl\/index.php\/joga-wedlug-tradycji-b-k-s-iyengara\/\",\"name\":\"JOGA WED\\u0141UG TRADYCJI B.K.S IYENGARA - CKiO Podkowa Le\\u015bna\",\"isPartOf\":{\"@id\":\"https:\/\/www.ckiopodkowa.pl\/#website\"},\"primaryImageOfPage\":{\"@id\":\"https:\/\/www.ckiopodkowa.pl\/index.php\/joga-wedlug-tradycji-b-k-s-iyengara\/#primaryimage\"},\"datePublished\":\"2025-10-13T15:39:50+00:00\",\"dateModified\":\"2025-10-21T10:26:47+00:00\",\"breadcrumb\":{\"@id\":\"https:\/\/www.ckiopodkowa.pl\/index.php\/joga-wedlug-tradycji-b-k-s-iyengara\/#breadcrumb\"},\"inLanguage\":\"pl-PL\",\"potentialAction\":[{\"@type\":\"ReadAction\",\"target\":[\"https:\/\/www.ckiopodkowa.pl\/index.php\/joga-wedlug-tradycji-b-k-s-iyengara\/\"]}]},{\"@type\":\"BreadcrumbList\",\"@id\":\"https:\/\/www.ckiopodkowa.pl\/index.php\/joga-wedlug-tradycji-b-k-s-iyengara\/#breadcrumb\",\"itemListElement\":[{\"@type\":\"ListItem\",\"position\":1,\"item\":{\"@type\":\"WebPage\",\"@id\":\"https:\/\/www.ckiopodkowa.pl\/\",\"url\":\"https:\/\/www.ckiopodkowa.pl\/\",\"name\":\"Strona g\\u0142\\u00f3wna\"}},{\"@type\":\"ListItem\",\"position\":2,\"item\":{\"@type\":\"WebPage\",\"@id\":\"https:\/\/www.ckiopodkowa.pl\/index.php\/joga-wedlug-tradycji-b-k-s-iyengara\/\",\"url\":\"https:\/\/www.ckiopodkowa.pl\/index.php\/joga-wedlug-tradycji-b-k-s-iyengara\/\",\"name\":\"JOGA WED\\u0141UG TRADYCJI B.K.S IYENGARA\"}}]}]}<\/script>\n<!-- \/ Yoast SEO Premium plugin. -->","_links":{"self":[{"href":"https:\/\/www.ckiopodkowa.pl\/index.php\/wp-json\/wp\/v2\/pages\/16307","targetHints":{"allow":["GET"]}}],"collection":[{"href":"https:\/\/www.ckiopodkowa.pl\/index.php\/wp-json\/wp\/v2\/pages"}],"about":[{"href":"https:\/\/www.ckiopodkowa.pl\/index.php\/wp-json\/wp\/v2\/types\/page"}],"author":[{"embeddable":true,"href":"https:\/\/www.ckiopodkowa.pl\/index.php\/wp-json\/wp\/v2\/users\/15"}],"replies":[{"embeddable":true,"href":"https:\/\/www.ckiopodkowa.pl\/index.php\/wp-json\/wp\/v2\/comments?post=16307"}],"version-history":[{"count":10,"href":"https:\/\/www.ckiopodkowa.pl\/index.php\/wp-json\/wp\/v2\/pages\/16307\/revisions"}],"predecessor-version":[{"id":16518,"href":"https:\/\/www.ckiopodkowa.pl\/index.php\/wp-json\/wp\/v2\/pages\/16307\/revisions\/16518"}],"wp:attachment":[{"href":"https:\/\/www.ckiopodkowa.pl\/index.php\/wp-json\/wp\/v2\/media?parent=16307"}],"curies":[{"name":"wp","href":"https:\/\/api.w.org\/{rel}","templated":true}]}}